{"id":6156,"date":"2024-10-15T17:17:07","date_gmt":"2024-10-15T15:17:07","guid":{"rendered":"https:\/\/wikicnc.pl\/produkt\/moebelfront-magda\/"},"modified":"2025-07-19T22:15:59","modified_gmt":"2025-07-19T20:15:59","slug":"moebelfront-magda","status":"publish","type":"product","link":"https:\/\/wikicnc.pl\/de\/produkt\/moebelfront-magda\/","title":{"rendered":"M\u00f6belfront &#8211; Magda"},"content":{"rendered":"<p><strong>AF006 &#8211; Magda M\u00f6belfront<\/strong><\/p>\n<p>M\u00f6belfront AF006 &#8211; Magda ist ein modernes Design mit einem Hauch von Eleganz, das sich perfekt in verschiedene Einrichtungsstile einf\u00fcgt. Sein einzigartiges Design erm\u00f6glicht die Gestaltung von R\u00e4umen, die zu jedem Stil passen und dem Interieur Tiefe und Chic verleihen. AF006 &#8211; Magda pr\u00e4sentiert sich sch\u00f6n auf K\u00fcchenfronten, Schr\u00e4nken, Kommoden oder Badezimmerschr\u00e4nken und ist die ideale Wahl f\u00fcr alle, die Eleganz mit Modernit\u00e4t verbinden m\u00f6chten.  <\/p>\n<p>Hergestellt aus hochwertigen Materialien, zeichnet sich die Front Magda nicht nur durch ihr attraktives Aussehen, sondern auch durch au\u00dfergew\u00f6hnliche Haltbarkeit und Widerstandsf\u00e4higkeit gegen Besch\u00e4digungen aus. Dank der glatten Oberfl\u00e4che ist diese Front leicht zu reinigen, was sie zu einer praktischen L\u00f6sung f\u00fcr den t\u00e4glichen Gebrauch macht. Die gro\u00dfe Auswahl an Farben und Oberfl\u00e4chen erm\u00f6glicht eine vollst\u00e4ndige Personalisierung, sodass die Front zu verschiedenen Einrichtungsstilen passt \u2013 von klassisch bis modern.  <\/p>\n<p>Die Front AF006 &#8211; Magda bietet auch verschiedene Vitrinenoptionen, die es erm\u00f6glichen, ausgew\u00e4hlte Gegenst\u00e4nde stilvoll zu pr\u00e4sentieren. Mit den Varianten No Glass, W0, W1 &#8211; 1&#215;1, W1 &#8211; 1&#215;2, W1 &#8211; 1&#215;3, W1 &#8211; 1&#215;4, W2, W3, W4, W5, W6, W7 und W8 kannst du einzigartige L\u00f6sungen schaffen, die deinen pers\u00f6nlichen Stil und individuelle Bed\u00fcrfnisse widerspiegeln. <\/p>\n<p>Dank seiner Vielseitigkeit f\u00fcgt sich die Front Magda hervorragend in verschiedene Innenraumgestaltungen ein. Sie eignet sich perfekt f\u00fcr K\u00fcchen, Wohnzimmer sowie elegante Gesch\u00e4ftsr\u00e4ume, in denen \u00c4sthetik und Funktionalit\u00e4t entscheidend sind. Diese Front bereichert nicht nur das Design, sondern auch die Praktikabilit\u00e4t und ist somit die ideale Wahl f\u00fcr jeden Raum.  <\/p>\n<p>Wenn Sie sich f\u00fcr die Front AF006 &#8211; Magda entscheiden, erhalten Sie ein Produkt, das au\u00dfergew\u00f6hnlichen Stil, Funktionalit\u00e4t und hochwertige Verarbeitung vereint. Es ist die perfekte L\u00f6sung f\u00fcr alle, die ihrem Zuhause einen modernen Akzent verleihen m\u00f6chten, ohne dabei auf Eleganz und Bedienkomfort zu verzichten. <\/p>\n","protected":false},"excerpt":{"rendered":"<p><strong>AF006 &#8211; Magda M\u00f6bel-Front<\/strong> ist ein modernes Design mit einem Hauch von Eleganz, ideal f\u00fcr verschiedene Einrichtungsstile. Die Front macht sich hervorragend in K\u00fcchen, Schr\u00e4nken, Kommoden und Badezimmerschr\u00e4nken und verleiht dem Raum Tiefe und Stil. Sie bietet vielf\u00e4ltige Vitrinenoptionen, die das stilvolle Pr\u00e4sentieren ausgew\u00e4hlter Gegenst\u00e4nde erm\u00f6glichen. Durch die Personalisierung wird die Front zu einem funktionalen und \u00e4sthetischen Element in jedem Raum.   <\/p>\n","protected":false},"featured_media":3411,"comment_status":"open","ping_status":"closed","template":"","meta":{"_et_pb_use_builder":"","_et_pb_old_content":"","_et_gb_content_width":""},"product_brand":[],"product_cat":[404,402,403,401],"product_tag":[],"class_list":{"0":"post-6156","1":"product","2":"type-product","3":"status-publish","4":"has-post-thumbnail","6":"product_cat-flaches-mobelpaneel","7":"product_cat-kuchenfront-de","8":"product_cat-mdf-de","9":"product_cat-mobelfront","10":"pa_glass-mdf-doors-ohne-glaseinsatz","11":"pa_glass-mdf-doors-w0-de","12":"pa_glass-mdf-doors-w1-1x1-de","13":"pa_glass-mdf-doors-w1-1x2-de","14":"pa_glass-mdf-doors-w1-1x3-de","15":"pa_glass-mdf-doors-w2-de","16":"pa_glass-mdf-doors-w2x2","17":"pa_glass-mdf-doors-w3-de","18":"pa_glass-mdf-doors-w4-de","19":"pa_glass-mdf-doors-w5-de","20":"pa_glass-mdf-doors-w6-de","21":"pa_glass-mdf-doors-w7-de","22":"pa_glass-mdf-doors-w8-de","24":"first","25":"instock","26":"taxable","27":"shipping-taxable","28":"purchasable","29":"product-type-variable","30":"has-default-attributes"},"_links":{"self":[{"href":"https:\/\/wikicnc.pl\/de\/wp-json\/wp\/v2\/product\/6156","targetHints":{"allow":["GET"]}}],"collection":[{"href":"https:\/\/wikicnc.pl\/de\/wp-json\/wp\/v2\/product"}],"about":[{"href":"https:\/\/wikicnc.pl\/de\/wp-json\/wp\/v2\/types\/product"}],"replies":[{"embeddable":true,"href":"https:\/\/wikicnc.pl\/de\/wp-json\/wp\/v2\/comments?post=6156"}],"wp:featuredmedia":[{"embeddable":true,"href":"https:\/\/wikicnc.pl\/de\/wp-json\/wp\/v2\/media\/3411"}],"wp:attachment":[{"href":"https:\/\/wikicnc.pl\/de\/wp-json\/wp\/v2\/media?parent=6156"}],"wp:term":[{"taxonomy":"product_brand","embeddable":true,"href":"https:\/\/wikicnc.pl\/de\/wp-json\/wp\/v2\/product_brand?post=6156"},{"taxonomy":"product_cat","embeddable":true,"href":"https:\/\/wikicnc.pl\/de\/wp-json\/wp\/v2\/product_cat?post=6156"},{"taxonomy":"product_tag","embeddable":true,"href":"https:\/\/wikicnc.pl\/de\/wp-json\/wp\/v2\/product_tag?post=6156"}],"curies":[{"name":"wp","href":"https:\/\/api.w.org\/{rel}","templated":true}]}}