{"id":6142,"date":"2024-10-15T17:17:06","date_gmt":"2024-10-15T15:17:06","guid":{"rendered":"https:\/\/wikicnc.pl\/produkt\/moebelfront-anna\/"},"modified":"2025-07-19T22:15:29","modified_gmt":"2025-07-19T20:15:29","slug":"moebelfront-anna","status":"publish","type":"product","link":"https:\/\/wikicnc.pl\/de\/produkt\/moebelfront-anna\/","title":{"rendered":"M\u00f6belfront &#8211; Anna"},"content":{"rendered":"<p><strong>AF005 \u2013 Anna M\u00f6belfront<\/strong><\/p>\n<p>AF005 \u2013 Anna ist eine moderne M\u00f6belfront, die durch subtile Eleganz besticht. Ihr minimalistisches, aber zugleich raffiniertes Design erm\u00f6glicht die Gestaltung von R\u00e4umen, die Funktionalit\u00e4t mit \u00c4sthetik verbinden. Diese Front passt perfekt zu verschiedenen Einrichtungsstilen \u2013 von modern bis klassisch \u2013 und verleiht den R\u00e4umen Tiefe, Stil und einen einzigartigen Charakter.  <\/p>\n<p>Die Front Anna pr\u00e4sentiert sich wundersch\u00f6n auf K\u00fcchenschr\u00e4nken, gro\u00dfen Kleiderschr\u00e4nken, Kommoden sowie kleineren Elementen wie Badezimmerschr\u00e4nken. Sie ist \u00e4u\u00dferst vielseitig und kann sowohl in gro\u00dfen Projekten als auch in kleineren R\u00e4umen eingesetzt werden. Ihre Schlichtheit sorgt daf\u00fcr, dass sie sowohl zu zeitgen\u00f6ssischen, funktional ausgerichteten Einrichtungen als auch zu dekorativeren Stilrichtungen passt.  <\/p>\n<p>Dank der Verwendung von Materialien h\u00f6chster Qualit\u00e4t garantiert die Front AF005 \u2013 Anna Langlebigkeit und Widerstandsf\u00e4higkeit gegen\u00fcber t\u00e4glicher Nutzung, was sie zur idealen L\u00f6sung f\u00fcr stark beanspruchte R\u00e4ume wie K\u00fcchen oder Badezimmer macht. Gleichzeitig sorgt ihre \u00c4sthetik daf\u00fcr, dass sie auch perfekt f\u00fcr Wohnzimmer oder Schlafzimmer geeignet ist, wo ein elegantes Erscheinungsbild wichtig ist. <\/p>\n<p>Einer der Hauptvorteile der Front Anna ist die M\u00f6glichkeit der Personalisierung durch die Wahl verschiedener Vitrinenoptionen. Die Front bietet ein breites Spektrum an Gestaltungsm\u00f6glichkeiten mit den verf\u00fcgbaren Vitrinenvarianten: No Glass, W0, W1 &#8211; 1&#215;1, W1 &#8211; 1&#215;2, W1 &#8211; 1&#215;3, W1 &#8211; 1&#215;4, W2, W3, W4, W5, W6, W7, W8. Mit diesen Optionen k\u00f6nnen einzigartige L\u00f6sungen geschaffen werden, die individuell an die Bed\u00fcrfnisse angepasst sind und Lieblingsgegenst\u00e4nde auf subtile und elegante Weise pr\u00e4sentieren.  <\/p>\n<p>Die Front AF005 \u2013 Anna passt dank der vielf\u00e4ltigen Farboptionen zu vielen Inneneinrichtungen. Sie wirkt sowohl in hellen, pastelligen T\u00f6nen als auch in kr\u00e4ftigeren, satten Farben perfekt. Unabh\u00e4ngig von der gew\u00e4hlten Farbe verleiht diese Front dem Raum Harmonie und Stil und betont seinen modernen Charakter.  <\/p>\n<p>Nicht nur die \u00c4sthetik, sondern auch die Funktionalit\u00e4t machen die Front Anna so besonders. Sie ist die perfekte L\u00f6sung f\u00fcr alle, die Sch\u00f6nheit und Praktikabilit\u00e4t miteinander verbinden m\u00f6chten. Die Anpassung an individuelle Bed\u00fcrfnisse macht diese Front zur idealen Wahl \u2013 sowohl f\u00fcr gro\u00dfe Projekte als auch f\u00fcr kleinere Einrichtungen \u2013 und bietet dabei Langlebigkeit, Eleganz und ein einzigartiges Erscheinungsbild.  <\/p>\n","protected":false},"excerpt":{"rendered":"<p><strong>AF005 \u2013 Anna M\u00f6belfront<\/strong> ist eine moderne Front mit einem Hauch von Eleganz, die sich perfekt in jeden Einrichtungsstil einf\u00fcgt. Sie pr\u00e4sentiert sich wundersch\u00f6n an K\u00fcchenschr\u00e4nken, Kommoden und Badezimmerschr\u00e4nken. Die Front bietet verschiedene Vitrinenoptionen: No Glass, W0, W1 \u2013 1&#215;1, W1 \u2013 1&#215;2, W1 \u2013 1&#215;3, W1 \u2013 1&#215;4, W2, W3, W4, W5, W6, W7, W8 und erm\u00f6glicht so eine vollst\u00e4ndige Personalisierung.  <\/p>\n","protected":false},"featured_media":3405,"comment_status":"open","ping_status":"closed","template":"","meta":{"_et_pb_use_builder":"","_et_pb_old_content":"","_et_gb_content_width":""},"product_brand":[],"product_cat":[407,402,403,401],"product_tag":[],"class_list":{"0":"post-6142","1":"product","2":"type-product","3":"status-publish","4":"has-post-thumbnail","6":"product_cat-feld","7":"product_cat-kuchenfront-de","8":"product_cat-mdf-de","9":"product_cat-mobelfront","10":"pa_glass-mdf-doors-ohne-glaseinsatz","11":"pa_glass-mdf-doors-w0-de","12":"pa_glass-mdf-doors-w1-1x1-de","13":"pa_glass-mdf-doors-w1-1x2-de","14":"pa_glass-mdf-doors-w1-1x3-de","15":"pa_glass-mdf-doors-w2-de","16":"pa_glass-mdf-doors-w2x2","17":"pa_glass-mdf-doors-w3-de","18":"pa_glass-mdf-doors-w4-de","19":"pa_glass-mdf-doors-w5-de","20":"pa_glass-mdf-doors-w6-de","21":"pa_glass-mdf-doors-w7-de","22":"pa_glass-mdf-doors-w8-de","24":"first","25":"instock","26":"taxable","27":"shipping-taxable","28":"purchasable","29":"product-type-variable","30":"has-default-attributes"},"_links":{"self":[{"href":"https:\/\/wikicnc.pl\/de\/wp-json\/wp\/v2\/product\/6142","targetHints":{"allow":["GET"]}}],"collection":[{"href":"https:\/\/wikicnc.pl\/de\/wp-json\/wp\/v2\/product"}],"about":[{"href":"https:\/\/wikicnc.pl\/de\/wp-json\/wp\/v2\/types\/product"}],"replies":[{"embeddable":true,"href":"https:\/\/wikicnc.pl\/de\/wp-json\/wp\/v2\/comments?post=6142"}],"wp:featuredmedia":[{"embeddable":true,"href":"https:\/\/wikicnc.pl\/de\/wp-json\/wp\/v2\/media\/3405"}],"wp:attachment":[{"href":"https:\/\/wikicnc.pl\/de\/wp-json\/wp\/v2\/media?parent=6142"}],"wp:term":[{"taxonomy":"product_brand","embeddable":true,"href":"https:\/\/wikicnc.pl\/de\/wp-json\/wp\/v2\/product_brand?post=6142"},{"taxonomy":"product_cat","embeddable":true,"href":"https:\/\/wikicnc.pl\/de\/wp-json\/wp\/v2\/product_cat?post=6142"},{"taxonomy":"product_tag","embeddable":true,"href":"https:\/\/wikicnc.pl\/de\/wp-json\/wp\/v2\/product_tag?post=6142"}],"curies":[{"name":"wp","href":"https:\/\/api.w.org\/{rel}","templated":true}]}}