{"id":6128,"date":"2024-10-15T17:17:06","date_gmt":"2024-10-15T15:17:06","guid":{"rendered":"https:\/\/wikicnc.pl\/produkt\/moebelfront-marta\/"},"modified":"2025-07-19T22:14:12","modified_gmt":"2025-07-19T20:14:12","slug":"moebelfront-marta","status":"publish","type":"product","link":"https:\/\/wikicnc.pl\/de\/produkt\/moebelfront-marta\/","title":{"rendered":"M\u00f6belfront &#8211; Marta"},"content":{"rendered":"<p><strong>AF004 &#8211; Marta M\u00f6belfront<\/strong><\/p>\n<p>AF004 \u2013 Marta ist einer der beliebtesten Fronten in unserem Angebot und damit ein Favorit unter den Kunden. Sein schlichtes, aber elegantes Design macht ihn \u00e4u\u00dferst vielseitig und geeignet f\u00fcr jeden Raum. Diese Front passt perfekt sowohl in moderne als auch klassische Einrichtungen und verleiht ihnen einen besonderen Charakter.  <\/p>\n<p>Mit AF004 \u2013 Marta kannst du deine R\u00e4ume schnell und auf unkonventionelle Weise gestalten und L\u00f6sungen schaffen, die sowohl zeitlos als auch praktisch sind. Diese Front f\u00fcgt sich perfekt in K\u00fcchen, Wohnzimmer, Arbeitszimmer und auch Badezimmer ein und verleiht ihnen ein einzigartiges und stilvolles Aussehen. Ihre Schlichtheit erm\u00f6glicht eine einfache Anpassung an verschiedene Einrichtungsstile, w\u00e4hrend sie gleichzeitig durch elegante Akzente ins Auge f\u00e4llt.  <\/p>\n<p>Hergestellt aus Materialien h\u00f6chster Qualit\u00e4t garantiert die Front AF004 \u2013 Marta Langlebigkeit und Best\u00e4ndigkeit. Sie ist widerstandsf\u00e4hig gegen den t\u00e4glichen Gebrauch, was sie ideal sowohl f\u00fcr stark frequentierte R\u00e4ume als auch f\u00fcr Bereiche macht, in denen \u00c4sthetik und Funktionalit\u00e4t wichtig sind. Ihre Vielseitigkeit erlaubt vielf\u00e4ltige Anwendungen, von gro\u00dfen Schr\u00e4nken bis hin zu kleineren M\u00f6belfronten.  <\/p>\n<p>Die Front AF004 \u2013 Marta bietet auch vielf\u00e4ltige Personalisierungsm\u00f6glichkeiten durch verschiedene Vitrinen-Optionen. Mit der Auswahl aus den Varianten No Glass, W0, W1 \u2013 1&#215;1, W1 \u2013 1&#215;2, W1 \u2013 1&#215;3, W1 \u2013 1&#215;4, W2, W3, W4, W5, W6, W7, W8 kannst du sie vollst\u00e4ndig an deine Bed\u00fcrfnisse anpassen und ausgew\u00e4hlte Gegenst\u00e4nde dezent, aber wirkungsvoll pr\u00e4sentieren. So wird die Front AF004 \u2013 Marta nicht nur zu einem funktionalen, sondern auch zu einem dekorativen Element jedes Raumes, das diesem einen einzigartigen Charakter verleiht.  <\/p>\n<p>Eine reichhaltige Farbpalette erm\u00f6glicht eine vollst\u00e4ndige Personalisierung und passt die Front perfekt an jeden Raum an. Egal, ob du helle, pastellfarbene T\u00f6ne oder kr\u00e4ftigere, dunklere Farben w\u00e4hlst \u2013 die Front AF004 \u2013 Marta sieht immer au\u00dfergew\u00f6hnlich aus. Ihr zeitloses Design macht sie zur idealen Wahl f\u00fcr sowohl klassische als auch moderne Innenr\u00e4ume und bietet einen unverwechselbaren Stil.  <\/p>\n","protected":false},"excerpt":{"rendered":"<p><strong>AF004 \u2013 Marta M\u00f6belfront<\/strong> ist der Favorit unserer Kunden und ideal f\u00fcr jeden Raum. Er erm\u00f6glicht eine schnelle und au\u00dfergew\u00f6hnliche Raumgestaltung und schafft zeitlose, praktische L\u00f6sungen. Die Front bietet au\u00dferdem Vitrinenoptionen: No Glass, W0, W1 \u2013 1&#215;1, W1 \u2013 1&#215;2, W1 \u2013 1&#215;3, W1 \u2013 1&#215;4, W2, W3, W4, W5, W6, W7, W8, die eine vollst\u00e4ndige Personalisierung erm\u00f6glichen.  <\/p>\n","protected":false},"featured_media":3399,"comment_status":"open","ping_status":"closed","template":"","meta":{"_et_pb_use_builder":"","_et_pb_old_content":"","_et_gb_content_width":""},"product_brand":[],"product_cat":[404,402,403,401],"product_tag":[],"class_list":{"0":"post-6128","1":"product","2":"type-product","3":"status-publish","4":"has-post-thumbnail","6":"product_cat-flaches-mobelpaneel","7":"product_cat-kuchenfront-de","8":"product_cat-mdf-de","9":"product_cat-mobelfront","10":"pa_glass-mdf-doors-ohne-glaseinsatz","11":"pa_glass-mdf-doors-w0-de","12":"pa_glass-mdf-doors-w1-1x1-de","13":"pa_glass-mdf-doors-w1-1x2-de","14":"pa_glass-mdf-doors-w1-1x3-de","15":"pa_glass-mdf-doors-w2-de","16":"pa_glass-mdf-doors-w2x2","17":"pa_glass-mdf-doors-w3-de","18":"pa_glass-mdf-doors-w4-de","19":"pa_glass-mdf-doors-w5-de","20":"pa_glass-mdf-doors-w6-de","21":"pa_glass-mdf-doors-w7-de","22":"pa_glass-mdf-doors-w8-de","24":"first","25":"instock","26":"taxable","27":"shipping-taxable","28":"purchasable","29":"product-type-variable","30":"has-default-attributes"},"_links":{"self":[{"href":"https:\/\/wikicnc.pl\/de\/wp-json\/wp\/v2\/product\/6128","targetHints":{"allow":["GET"]}}],"collection":[{"href":"https:\/\/wikicnc.pl\/de\/wp-json\/wp\/v2\/product"}],"about":[{"href":"https:\/\/wikicnc.pl\/de\/wp-json\/wp\/v2\/types\/product"}],"replies":[{"embeddable":true,"href":"https:\/\/wikicnc.pl\/de\/wp-json\/wp\/v2\/comments?post=6128"}],"wp:featuredmedia":[{"embeddable":true,"href":"https:\/\/wikicnc.pl\/de\/wp-json\/wp\/v2\/media\/3399"}],"wp:attachment":[{"href":"https:\/\/wikicnc.pl\/de\/wp-json\/wp\/v2\/media?parent=6128"}],"wp:term":[{"taxonomy":"product_brand","embeddable":true,"href":"https:\/\/wikicnc.pl\/de\/wp-json\/wp\/v2\/product_brand?post=6128"},{"taxonomy":"product_cat","embeddable":true,"href":"https:\/\/wikicnc.pl\/de\/wp-json\/wp\/v2\/product_cat?post=6128"},{"taxonomy":"product_tag","embeddable":true,"href":"https:\/\/wikicnc.pl\/de\/wp-json\/wp\/v2\/product_tag?post=6128"}],"curies":[{"name":"wp","href":"https:\/\/api.w.org\/{rel}","templated":true}]}}