{"id":6114,"date":"2024-10-15T15:49:27","date_gmt":"2024-10-15T13:49:27","guid":{"rendered":"https:\/\/wikicnc.pl\/produkt\/moebelfront-ekran\/"},"modified":"2025-07-19T21:45:43","modified_gmt":"2025-07-19T19:45:43","slug":"moebelfront-ekran","status":"publish","type":"product","link":"https:\/\/wikicnc.pl\/de\/produkt\/moebelfront-ekran\/","title":{"rendered":"M\u00f6belfront-Ekran"},"content":{"rendered":"<p><strong>AF003 \u2013 M\u00f6belfront-Ekran<\/strong><\/p>\n<p>Der M\u00f6belfront AF003 \u2013 \u201eEkran\u201c ist ein absoluter Favorit unter unseren Kunden. Sein einzigartiges Design und seine Vielseitigkeit machen ihn zur perfekten Wahl f\u00fcr jeden Raum. Ganz gleich, ob Sie eine moderne K\u00fcche, ein elegantes Wohnzimmer oder ein funktionales Badezimmer gestalten m\u00f6chten \u2013 die Front \u201eEkran\u201c erm\u00f6glicht Ihnen ein stilvolles und zugleich praktisches Interieur. <br \/>Durch das schlichte, aber wirkungsvolle Muster passt diese Front zu verschiedenen Einrichtungsstilen \u2013 von modernen, minimalistischen R\u00e4umen bis hin zu klassischeren Innenr\u00e4umen mit reichhaltigen Details.   <\/p>\n<p>Seine Neutralit\u00e4t und Eleganz machen \u201eEkran\u201c zu einem zeitlosen Element, das sich perfekt in die Trends des modernen Designs einf\u00fcgt. Er l\u00e4sst sich m\u00fchelos mit anderen Einrichtungselementen kombinieren und schafft ein stimmiges, harmonisches Gesamtbild. <br \/>Ganz gleich, ob Sie eine L\u00f6sung f\u00fcr gro\u00dfe Schr\u00e4nke, Kommoden oder kleine K\u00fcchenschr\u00e4nke suchen \u2013 der AF003 \u201eEkran\u201c ist die ideale Wahl. Mit seiner Hilfe gestalten Sie schnell und m\u00fchelos einen Raum, der jeden Besucher begeistert.   <\/p>\n<p>Dank der vielf\u00e4ltigen Veredelungsoptionen und der breiten Farbpalette kann die Front \u201eEkran\u201c individuell an die Bed\u00fcrfnisse jedes Kunden angepasst werden. Besonders wirkungsvoll pr\u00e4sentiert sie sich in neutralen Farbt\u00f6nen wie Wei\u00df, Grau oder Beige, die ihr zus\u00e4tzliche Eleganz und Feinheit verleihen. <br \/>Diese Farben harmonieren hervorragend mit modernen Materialien wie Edelstahl, Glas oder Beton sowie mit klassischen Holzelementen.  <\/p>\n<p>Die Front AF003 \u2013 Ekran bietet au\u00dferdem eine gro\u00dfe Auswahl an Vitrinenoptionen, die es erm\u00f6glichen, ausgew\u00e4hlte Gegenst\u00e4nde elegant und stilvoll in Szene zu setzen. <br \/>Mit Varianten wie: No Glass, W0, W1 \u2013 1&#215;1, W1 \u2013 1&#215;2, W1 \u2013 1&#215;3, W1 \u2013 1&#215;4, W2, W3, W4, W5, W6, W7, W8 hast du die M\u00f6glichkeit, einzigartige Kombinationen zu gestalten, die perfekt zu deinem pers\u00f6nlichen Stil passen. <br \/>Diese Vitrinen sind die ideale L\u00f6sung f\u00fcr alle, die Funktionalit\u00e4t mit \u00c4sthetik verbinden m\u00f6chten und R\u00e4ume mit individuellem Charakter schaffen wollen.  <\/p>\n<p>Die Front AF003 \u2013 Ekran steht nicht nur f\u00fcr Stil, sondern auch f\u00fcr h\u00f6chste Funktionalit\u00e4t. <br \/>Gefertigt aus hochwertigen Materialien, bietet sie Langlebigkeit und Widerstandsf\u00e4higkeit gegen\u00fcber t\u00e4glicher Nutzung \u2013 ideal f\u00fcr stark beanspruchte Bereiche wie K\u00fcchen, B\u00e4der oder B\u00fcros. <br \/>Ihre glatte Oberfl\u00e4che l\u00e4sst sich leicht reinigen, was ihre Praktikabilit\u00e4t und Vielseitigkeit zus\u00e4tzlich unterstreicht.  <\/p>\n<p>Dank der M\u00f6glichkeit, sich an unterschiedliche R\u00e4ume und Bed\u00fcrfnisse anzupassen, wird die Front AF003 \u2013 Ekran nicht nur zu einem dekorativen Element jedes Raumes, sondern auch zu einem funktionalen Bestandteil, der die Organisation des Innenraums erleichtert. <br \/>Diese L\u00f6sung vereint \u00c4sthetik und Praktikabilit\u00e4t und bietet den Nutzern t\u00e4glichen Komfort und Zufriedenheit. <\/p>\n","protected":false},"excerpt":{"rendered":"<p><strong>AF003 \u2013 Ekran M\u00f6bel-Front<\/strong> ist ein Kundenliebling und passt perfekt in jeden Raum. Sie l\u00e4sst sich leicht in die Raumgestaltung integrieren und vereint Stil mit Funktionalit\u00e4t. Die verf\u00fcgbaren Vitrinenoptionen \u2013 No Glass, W0, W1 &#8211; 1&#215;1, W1 &#8211; 1&#215;2, W1 &#8211; 1&#215;3, W1 &#8211; 1&#215;4, W2, W3, W4, W5, W6, W7, W8 \u2013 erm\u00f6glichen es, einzigartige Kompositionen zu schaffen, die Deinen individuellen Stil unterstreichen.  <\/p>\n","protected":false},"featured_media":3245,"comment_status":"open","ping_status":"closed","template":"","meta":{"_et_pb_use_builder":"","_et_pb_old_content":"","_et_gb_content_width":""},"product_brand":[],"product_cat":[404,402,403,401],"product_tag":[],"class_list":{"0":"post-6114","1":"product","2":"type-product","3":"status-publish","4":"has-post-thumbnail","6":"product_cat-flaches-mobelpaneel","7":"product_cat-kuchenfront-de","8":"product_cat-mdf-de","9":"product_cat-mobelfront","10":"pa_glass-mdf-doors-ohne-glaseinsatz","11":"pa_glass-mdf-doors-w0-de","12":"pa_glass-mdf-doors-w1-1x1-de","13":"pa_glass-mdf-doors-w1-1x2-de","14":"pa_glass-mdf-doors-w1-1x3-de","15":"pa_glass-mdf-doors-w2-de","16":"pa_glass-mdf-doors-w2x2","17":"pa_glass-mdf-doors-w3-de","18":"pa_glass-mdf-doors-w4-de","19":"pa_glass-mdf-doors-w5-de","20":"pa_glass-mdf-doors-w6-de","21":"pa_glass-mdf-doors-w7-de","22":"pa_glass-mdf-doors-w8-de","24":"first","25":"instock","26":"taxable","27":"shipping-taxable","28":"purchasable","29":"product-type-variable","30":"has-default-attributes"},"_links":{"self":[{"href":"https:\/\/wikicnc.pl\/de\/wp-json\/wp\/v2\/product\/6114","targetHints":{"allow":["GET"]}}],"collection":[{"href":"https:\/\/wikicnc.pl\/de\/wp-json\/wp\/v2\/product"}],"about":[{"href":"https:\/\/wikicnc.pl\/de\/wp-json\/wp\/v2\/types\/product"}],"replies":[{"embeddable":true,"href":"https:\/\/wikicnc.pl\/de\/wp-json\/wp\/v2\/comments?post=6114"}],"wp:featuredmedia":[{"embeddable":true,"href":"https:\/\/wikicnc.pl\/de\/wp-json\/wp\/v2\/media\/3245"}],"wp:attachment":[{"href":"https:\/\/wikicnc.pl\/de\/wp-json\/wp\/v2\/media?parent=6114"}],"wp:term":[{"taxonomy":"product_brand","embeddable":true,"href":"https:\/\/wikicnc.pl\/de\/wp-json\/wp\/v2\/product_brand?post=6114"},{"taxonomy":"product_cat","embeddable":true,"href":"https:\/\/wikicnc.pl\/de\/wp-json\/wp\/v2\/product_cat?post=6114"},{"taxonomy":"product_tag","embeddable":true,"href":"https:\/\/wikicnc.pl\/de\/wp-json\/wp\/v2\/product_tag?post=6114"}],"curies":[{"name":"wp","href":"https:\/\/api.w.org\/{rel}","templated":true}]}}