{"id":5967,"date":"2024-10-15T17:14:31","date_gmt":"2024-10-15T15:14:31","guid":{"rendered":"https:\/\/wikicnc.pl\/produkt\/tafla-schranktuer\/"},"modified":"2025-07-19T22:13:33","modified_gmt":"2025-07-19T20:13:33","slug":"tafla-schranktuer","status":"publish","type":"product","link":"https:\/\/wikicnc.pl\/de\/produkt\/tafla-schranktuer\/","title":{"rendered":"Tafla Schrankt\u00fcr"},"content":{"rendered":"<p><strong>AF001 &#8211; Tafla Schrankt\u00fcr<\/strong><\/p>\n<p>AF001 \u2013 Tafla ist eine schlichte, aber \u00e4u\u00dferst elegante und zeitlose M\u00f6belfront, die sich perfekt in verschiedenste Einrichtungsstile einf\u00fcgt. Seit mehreren Jahren erfreut sie sich ungebrochener Beliebtheit \u2013 dank ihrer Vielseitigkeit und dem minimalistischen Design. Tafla ist die ideale Wahl f\u00fcr alle, die klassische, einfache L\u00f6sungen mit einem Hauch moderner Ausstrahlung sch\u00e4tzen.  <\/p>\n<p>Die Tafla-M\u00f6belfront besticht durch au\u00dfergew\u00f6hnliche Eleganz in ihrer Schlichtheit.<br \/>Sie ist ideal sowohl f\u00fcr moderne, minimalistische Innenr\u00e4ume als auch f\u00fcr klassischere Einrichtungsstile. Sie kommt hervorragend zur Geltung in der K\u00fcche, im Bad sowie als Bestandteil gro\u00dfer Schr\u00e4nke, Kommoden oder Ankleidezimmer.<br \/>Ihre Vielseitigkeit macht sie zur perfekten L\u00f6sung f\u00fcr jeden Raum \u2013 unabh\u00e4ngig von Gr\u00f6\u00dfe oder Funktion. Dank ihrer neutralen Ausstrahlung harmoniert sie m\u00fchelos mit verschiedensten Einrichtungsstilen und Farbkonzepten.    <\/p>\n<p>Die Farbpalette, in der die Tafla-M\u00f6belfront am besten zur Geltung kommt, umfasst Beiget\u00f6ne, Grau und Wei\u00df.<br \/>Diese neutralen, zugleich eleganten Farben lassen die Front harmonisch mit verschiedenen Materialien wie Holz, Metall oder Glas wirken.<br \/>Ihre dezenten Farbt\u00f6ne verleihen Innenr\u00e4umen Ruhe und Eleganz und schaffen eine angenehme Atmosph\u00e4re \u2013 sowohl in Wohnbereichen als auch in gewerblich genutzten R\u00e4umen.  <\/p>\n<p>Einer der wichtigsten Vorteile der M\u00f6belfront AF001 \u2013 Tafla ist die M\u00f6glichkeit zur Personalisierung durch die verf\u00fcgbaren Vitrinen-Optionen.<br \/>Dank der vielf\u00e4ltigen Varianten \u2013 No Glass, W0, W1 &#8211; 1&#215;1, W1 &#8211; 1&#215;2, W1 &#8211; 1&#215;3, W1 &#8211; 1&#215;4, W2, W3, W4, W5, W6, W7, W8 \u2013 kannst du die Fronten individuell an deine Bed\u00fcrfnisse anpassen und einzigartige L\u00f6sungen schaffen, die deinen pers\u00f6nlichen Stil widerspiegeln.<br \/>Die Vitrinen erm\u00f6glichen es, Lieblingsst\u00fccke elegant und stilvoll in Szene zu setzen, wodurch die R\u00e4ume einen ganz besonderen Charakter erhalten.  <\/p>\n<p>Die Tafla-M\u00f6belfront \u00fcberzeugt nicht nur durch ihre \u00c4sthetik, sondern auch durch ihre hohe Funktionalit\u00e4t.<br \/>Gefertigt aus Materialien h\u00f6chster Qualit\u00e4t, garantiert sie Langlebigkeit und Widerstandsf\u00e4higkeit im t\u00e4glichen Gebrauch \u2013 ideal f\u00fcr stark beanspruchte Bereiche wie K\u00fcchen oder Badezimmer.<br \/>Dank ihrer Anpassungsf\u00e4higkeit an unterschiedliche Raumkonzepte wird diese Front zu einem Element, das Sch\u00f6nheit und Funktionalit\u00e4t perfekt miteinander vereint.  <\/p>\n<p>AF001 \u2013 Tafla ist klassische Eleganz in modernem Gewand, die selbst die Erwartungen der anspruchsvollsten Kundinnen und Kunden erf\u00fcllt.<br \/>Egal, ob du eine moderne K\u00fcche, ein elegantes Wohnzimmer oder ein gro\u00dfz\u00fcgiges Ankleidezimmer gestaltest \u2013 diese M\u00f6belfront ist die perfekte Wahl, um deinen R\u00e4umen Harmonie und Stil zu verleihen. <\/p>\n","protected":false},"excerpt":{"rendered":"<p><strong>AF001 \u2013 Tafla M\u00f6belfront<\/strong> ist eine zeitlose, minimalistische Front \u2013 ideal f\u00fcr K\u00fcchen, Badezimmer und gro\u00dfe Schr\u00e4nke.<br \/>Sie kommt besonders sch\u00f6n in Beige-, Grau- und Wei\u00dft\u00f6nen zur Geltung.<br \/>Dank der verschiedenen Vitrinenoptionen \u2013 No Glass, W0, W1 &#8211; 1&#215;1, W1 &#8211; 1&#215;2, W1 &#8211; 1&#215;3, W1 &#8211; 1&#215;4, W2, W3, W4, W5, W6, W7, W8 \u2013 bietet sie vielf\u00e4ltige M\u00f6glichkeiten zur individuellen Gestaltung deiner Einrichtung im Einklang mit deinem pers\u00f6nlichen Stil.  <\/p>\n","protected":false},"featured_media":3213,"comment_status":"open","ping_status":"closed","template":"","meta":{"_et_pb_use_builder":"","_et_pb_old_content":"","_et_gb_content_width":""},"product_brand":[],"product_cat":[404,399,402,400,403,405,401],"product_tag":[],"class_list":{"0":"post-5967","1":"product","2":"type-product","3":"status-publish","4":"has-post-thumbnail","6":"product_cat-flaches-mobelpaneel","7":"product_cat-glasvitrinen","8":"product_cat-kuchenfront-de","9":"product_cat-kuchenfront","10":"product_cat-mdf-de","11":"product_cat-mobelfront-de","12":"product_cat-mobelfront","13":"pa_glass-mdf-doors-ohne-glaseinsatz","14":"pa_glass-mdf-doors-w0-de","15":"pa_glass-mdf-doors-w1-1x1-de","16":"pa_glass-mdf-doors-w1-1x2-de","17":"pa_glass-mdf-doors-w1-1x3-de","18":"pa_glass-mdf-doors-w2-de","19":"pa_glass-mdf-doors-w2x2","20":"pa_glass-mdf-doors-w3-de","21":"pa_glass-mdf-doors-w4-de","22":"pa_glass-mdf-doors-w5-de","23":"pa_glass-mdf-doors-w6-de","24":"pa_glass-mdf-doors-w7-de","25":"pa_glass-mdf-doors-w8-de","27":"first","28":"instock","29":"taxable","30":"shipping-taxable","31":"purchasable","32":"product-type-variable","33":"has-default-attributes"},"_links":{"self":[{"href":"https:\/\/wikicnc.pl\/de\/wp-json\/wp\/v2\/product\/5967","targetHints":{"allow":["GET"]}}],"collection":[{"href":"https:\/\/wikicnc.pl\/de\/wp-json\/wp\/v2\/product"}],"about":[{"href":"https:\/\/wikicnc.pl\/de\/wp-json\/wp\/v2\/types\/product"}],"replies":[{"embeddable":true,"href":"https:\/\/wikicnc.pl\/de\/wp-json\/wp\/v2\/comments?post=5967"}],"wp:featuredmedia":[{"embeddable":true,"href":"https:\/\/wikicnc.pl\/de\/wp-json\/wp\/v2\/media\/3213"}],"wp:attachment":[{"href":"https:\/\/wikicnc.pl\/de\/wp-json\/wp\/v2\/media?parent=5967"}],"wp:term":[{"taxonomy":"product_brand","embeddable":true,"href":"https:\/\/wikicnc.pl\/de\/wp-json\/wp\/v2\/product_brand?post=5967"},{"taxonomy":"product_cat","embeddable":true,"href":"https:\/\/wikicnc.pl\/de\/wp-json\/wp\/v2\/product_cat?post=5967"},{"taxonomy":"product_tag","embeddable":true,"href":"https:\/\/wikicnc.pl\/de\/wp-json\/wp\/v2\/product_tag?post=5967"}],"curies":[{"name":"wp","href":"https:\/\/api.w.org\/{rel}","templated":true}]}}