{"id":6096,"date":"2022-08-03T14:18:28","date_gmt":"2022-08-03T12:18:28","guid":{"rendered":"https:\/\/wikicnc.pl\/moebelfronten\/glasvitrinen\/"},"modified":"2025-10-25T14:19:44","modified_gmt":"2025-10-25T12:19:44","slug":"glasvitrinen","status":"publish","type":"page","link":"https:\/\/wikicnc.pl\/de\/glasvitrinen\/","title":{"rendered":"Glasvitrinen"},"content":{"rendered":"<p>[et_pb_section fb_built=&#8220;1&#8243; module_class=&#8220;pa-blur&#8220; _builder_version=&#8220;4.18.0&#8243; _module_preset=&#8220;default&#8220; background_image=&#8220;https:\/\/wikicnc.pl\/wp-content\/uploads\/2022\/08\/witryny.jpg&#8220; parallax=&#8220;on&#8220; animation_style=&#8220;slide&#8220; animation_direction=&#8220;top&#8220; animation_duration=&#8220;600ms&#8220; animation_intensity_slide=&#8220;5%&#8220; locked=&#8220;off&#8220; global_colors_info=&#8220;{}&#8220;][et_pb_row _builder_version=&#8220;4.18.0&#8243; _module_preset=&#8220;default&#8220; global_colors_info=&#8220;{}&#8220;][et_pb_column type=&#8220;4_4&#8243; _builder_version=&#8220;4.18.0&#8243; _module_preset=&#8220;default&#8220; global_colors_info=&#8220;{}&#8220;][et_pb_text _builder_version=&#8220;4.18.0&#8243; _dynamic_attributes=&#8220;content&#8220; _module_preset=&#8220;default&#8220; header_font=&#8220;||||||||&#8220; header_text_align=&#8220;center&#8220; header_font_size=&#8220;56px&#8220; custom_padding=&#8220;20px||20px||false|false&#8220; global_colors_info=&#8220;{}&#8220;]@ET-DC@eyJkeW5hbWljIjp0cnVlLCJjb250ZW50IjoicG9zdF90aXRsZSIsInNldHRpbmdzIjp7ImJlZm9yZSI6IjxoMT4iLCJhZnRlciI6IjwvaDE+IiwiZW5hYmxlX2h0bWwiOiJvZmYifX0=@[\/et_pb_text][\/et_pb_column][\/et_pb_row][\/et_pb_section][et_pb_section fb_built=&#8220;1&#8243; _builder_version=&#8220;4.18.0&#8243; _module_preset=&#8220;default&#8220; custom_padding=&#8220;||10px||false|false&#8220; global_colors_info=&#8220;{}&#8220;][et_pb_row column_structure=&#8220;1_2,1_2&#8243; _builder_version=&#8220;4.18.0&#8243; _module_preset=&#8220;default&#8220; global_colors_info=&#8220;{}&#8220;][et_pb_column type=&#8220;1_2&#8243; _builder_version=&#8220;4.18.0&#8243; _module_preset=&#8220;default&#8220; global_colors_info=&#8220;{}&#8220;][et_pb_text _builder_version=&#8220;4.18.0&#8243; _module_preset=&#8220;default&#8220; animation_style=&#8220;slide&#8220; animation_direction=&#8220;left&#8220; animation_duration=&#8220;600ms&#8220; animation_intensity_slide=&#8220;5%&#8220; global_colors_info=&#8220;{}&#8220;]<\/p>\n<p>Die Firma <strong>wikiCNC<\/strong> spezialisiert sich auf die Herstellung von gefr\u00e4sten Vitrinen. F\u00fcr unsere Standardproduktionen verwenden wir beidseitig laminierte MDF-Platten mit einer <span style=\"text-decoration: underline;\">St\u00e4rke von 19 mm<\/span>. <\/p>\n<p>Wir konzentrieren uns nicht nur auf die Auftragsausf\u00fchrung, sondern beraten auch bei Bedarf und suchen gemeinsam mit dem Kunden nach der optimalen L\u00f6sung.<\/p>\n<p>[\/et_pb_text][\/et_pb_column][et_pb_column type=&#8220;1_2&#8243; _builder_version=&#8220;4.18.0&#8243; _module_preset=&#8220;default&#8220; global_colors_info=&#8220;{}&#8220;][et_pb_text _builder_version=&#8220;4.18.0&#8243; _module_preset=&#8220;default&#8220; animation_style=&#8220;slide&#8220; animation_direction=&#8220;right&#8220; animation_duration=&#8220;600ms&#8220; animation_intensity_slide=&#8220;5%&#8220; global_colors_info=&#8220;{}&#8220;]<\/p>\n<p><strong>Die Vitrine<\/strong> \u2013 vielseitig einsetzbar, kann sie das Wohnzimmer, die K\u00fcche, das B\u00fcro, das Esszimmer, das Badezimmer oder die Bibliothek schm\u00fccken. Sie ist ein \u00e4u\u00dferst praktisches, zeitloses und funktionales M\u00f6belst\u00fcck. Sie erm\u00f6glicht die Pr\u00e4sentation von Gegenst\u00e4nden und sch\u00fctzt diese gleichzeitig vor Staub. Zudem kann sie dekorative Funktionen erf\u00fcllen. Wir bieten verschiedene Arten von Vitrinen an: traditionell, klassisch, modern und rustikal. Denkt daran, dass jede unserer Vitrinen nach einem von euch gew\u00e4hlten Muster aus der Rubrik \u201egefr\u00e4ste Fronten\u201c <span style=\"text-decoration: underline;\">gefertigt werden kann. So habt ihr eine riesige Auswahl und eure Vitrine passt im Design perfekt zu den Fronten.<\/span>   <\/p>\n<p>[\/et_pb_text][\/et_pb_column][\/et_pb_row][\/et_pb_section][et_pb_section fb_built=&#8220;1&#8243; _builder_version=&#8220;4.18.0&#8243; _module_preset=&#8220;default&#8220; custom_margin=&#8220;||||false|false&#8220; custom_padding=&#8220;23px||1px||false|false&#8220; global_colors_info=&#8220;{}&#8220;][et_pb_row _builder_version=&#8220;4.18.0&#8243; _module_preset=&#8220;default&#8220; global_colors_info=&#8220;{}&#8220;][et_pb_column type=&#8220;4_4&#8243; _builder_version=&#8220;4.18.0&#8243; _module_preset=&#8220;default&#8220; global_colors_info=&#8220;{}&#8220;][et_pb_gallery gallery_ids=&#8220;2213,2218,2223,2228,2233,2238,2243,2248,2253,2258,2208,2263&#8243; posts_number=&#8220;100&#8243; orientation=&#8220;portrait&#8220; show_pagination=&#8220;off&#8220; zoom_icon_color=&#8220;#000000&#8243; hover_overlay_color=&#8220;rgba(255,255,255,0.62)&#8220; hover_icon=&#8220;&#x54;||divi||400&#8243; _builder_version=&#8220;4.18.0&#8243; _module_preset=&#8220;default&#8220; title_level=&#8220;h2&#8243; text_orientation=&#8220;center&#8220; hover_enabled=&#8220;0&#8243; global_colors_info=&#8220;{}&#8220; sticky_enabled=&#8220;0&#8243;][\/et_pb_gallery][et_pb_code _builder_version=&#8220;4.18.0&#8243; _module_preset=&#8220;default&#8220; global_colors_info=&#8220;{}&#8220;]<script><!-- [et_pb_line_break_holder] -->(function ($) {<!-- [et_pb_line_break_holder] -->\t$(document).ready(function () {<!-- [et_pb_line_break_holder] -->    $(\".et_pb_gallery_image a\").each(function () {<!-- [et_pb_line_break_holder] -->          var alink = $(this).attr(\"href\").slice(0,-4);<!-- [et_pb_line_break_holder] -->\t\t\t\t$(this).attr(\"href\", alink + \"wiki.jpg\");<!-- [et_pb_line_break_holder] -->\t\t\t});<!-- [et_pb_line_break_holder] -->\t});<!-- [et_pb_line_break_holder] -->})(jQuery);<!-- [et_pb_line_break_holder] --><\/script>[\/et_pb_code][\/et_pb_column][\/et_pb_row][\/et_pb_section][et_pb_section fb_built=&#8220;1&#8243; _builder_version=&#8220;4.27.0&#8243; _module_preset=&#8220;default&#8220; global_colors_info=&#8220;{}&#8220; custom_padding=&#8220;17px|||||&#8220;][et_pb_row _builder_version=&#8220;4.27.0&#8243; _module_preset=&#8220;default&#8220; global_colors_info=&#8220;{}&#8220;][et_pb_column type=&#8220;4_4&#8243; _builder_version=&#8220;4.27.0&#8243; _module_preset=&#8220;default&#8220; global_colors_info=&#8220;{}&#8220;][et_pb_text _builder_version=&#8220;4.27.0&#8243; _module_preset=&#8220;default&#8220; global_colors_info=&#8220;{}&#8220;]<\/p>\n<h2 style=\"text-align: center;\"><strong>M\u00f6belfronten f\u00fcr Vitrinen aus MDF <\/strong><\/h2>\n<h3 style=\"text-align: center;\"> Angebot der Firma wikiCNC<\/h3>\n<p>[\/et_pb_text][\/et_pb_column][\/et_pb_row][et_pb_row column_structure=&#8220;3_5,2_5&#8243; _builder_version=&#8220;4.27.0&#8243; _module_preset=&#8220;default&#8220; global_colors_info=&#8220;{}&#8220;][et_pb_column type=&#8220;3_5&#8243; _builder_version=&#8220;4.27.0&#8243; _module_preset=&#8220;default&#8220; global_colors_info=&#8220;{}&#8220;][et_pb_text _builder_version=&#8220;4.27.0&#8243; _module_preset=&#8220;default&#8220; global_colors_info=&#8220;{}&#8220;]<\/p>\n<p>Fronten f\u00fcr Vitrinenm\u00f6bel sind ein wichtiger Bestandteil der Inneneinrichtung, der sowohl die \u00c4sthetik als auch die Funktionalit\u00e4t der M\u00f6bel erheblich beeinflussen kann. In den letzten Jahren gewinnen Fronten aus MDF (Medium Density Fibreboard) zunehmend an Beliebtheit, da sie viele Vorteile und vielseitige Einsatzm\u00f6glichkeiten bieten. Die Firma <strong>wikiCNC<\/strong>, spezialisiert auf die pr\u00e4zise Bearbeitung von MDF, liefert hochwertige Fronten, die selbst die anspruchsvollsten Kunden zufriedenstellen.  <\/p>\n<h3>Warum MDF-Fronten von wikiCNC? Jedes Design ist m\u00f6glich \u2013 auch mit Vitrinen-Option. <\/h3>\n<ol>\n<li>\n<p><strong>Widerstandsf\u00e4higkeit und Langlebigkeit <\/strong>\u2013 Das von wikiCNC angebotene MDF ist ein Material mit hoher Dichte, wodurch die Fronten besonders widerstandsf\u00e4hig gegen mechanische Besch\u00e4digungen und den t\u00e4glichen Gebrauch sind.<\/p>\n<\/li>\n<li>\n<p><strong>Einfache Verarbeitung<\/strong> \u2013 Die von wikiCNC hergestellten MDF-Fronten erm\u00f6glichen pr\u00e4zises Fr\u00e4sen, wodurch Fronten mit vielf\u00e4ltigen Mustern entstehen k\u00f6nnen, von klassisch bis modern. So l\u00e4sst sich das Aussehen der M\u00f6bel an jeden Einrichtungsstil anpassen. <\/p>\n<\/li>\n<li>\n<p><strong>Perfekte Oberfl\u00e4che zum Lackieren und Bekleben<\/strong> \u2013 MDF zeichnet sich durch eine glatte Oberfl\u00e4che aus, die sich hervorragend zum Streichen, Lackieren und Bekleben eignet. Dank der Zusammenarbeit mit wikiCNC k\u00f6nnen Kunden aus einer breiten Palette von Farben und Oberfl\u00e4chen w\u00e4hlen, darunter matt, gl\u00e4nzend oder satin. <\/p>\n<\/li>\n<li>\n<p><strong>Wirtschaftliche L\u00f6sung <\/strong>\u2013 MDF-Fronten von wikiCNC sind oft eine kosteng\u00fcnstigere Alternative zu Massivholzfronten, bieten dabei aber dennoch ein elegantes Aussehen und hohe Haltbarkeit. Das macht sie zur perfekten Wahl f\u00fcr Kunden, die hochwertige Qualit\u00e4t zu einem erschwinglichen Preis suchen. <\/p>\n<\/li>\n<li>\n<p><strong>Feuchtigkeitsbest\u00e4ndigkeit <\/strong>\u2013 Gut versiegeltes MDF, zum Beispiel lackiert, ist widerstandsf\u00e4hig gegen Feuchtigkeit. Dadurch sind Fronten aus diesem Material ideal geeignet f\u00fcr K\u00fcchen, Badezimmer und andere R\u00e4ume mit erh\u00f6hter Luftfeuchtigkeit.<\/p>\n<\/li>\n<\/ol>\n<h3>Reiche Farb- und Oberfl\u00e4chenvielfalt \u2013 RAL und NCS<\/h3>\n<p>Einer der wichtigsten Vorteile der MDF-Fronten von <strong>wikiCNC<\/strong> ist die M\u00f6glichkeit der Farbpersonalisierung. Die Wahl des Farbtons der Fronten ist oft entscheidend f\u00fcr die Harmonie der Innenraumgestaltung. Die Kunden des Unternehmens haben Zugriff auf eine gro\u00dfe Farbpalette, darunter Farben aus den Systemen RAL und NCS.  <\/p>\n<ul>\n<li>\n<p>Das <strong>RAL-System<\/strong> ist ein internationaler Standard zur Farbbestimmung, der in der Industrie weit verbreitet ist. Es bietet \u00fcber 200 Farbt\u00f6ne, die eine pr\u00e4zise Abstimmung der Frontfarben auf M\u00f6bel, B\u00f6den oder W\u00e4nde erm\u00f6glichen. So passen die MDF-Fronten von wikiCNC perfekt in das Interieur jedes Kunden.  <\/p>\n<\/li>\n<li>\n<p>Das <strong>NCS-System (Natural Colour System)<\/strong>, basierend auf der Art und Weise, wie Menschen Farben wahrnehmen, bietet noch gr\u00f6\u00dfere Personalisierungsm\u00f6glichkeiten. NCS erm\u00f6glicht die Auswahl aus Tausenden von Farbt\u00f6nen, was einen einzigartigen visuellen Effekt und eine perfekte Farbabstimmung erlaubt. <\/p>\n<\/li>\n<\/ul>\n<p>Dank der Verf\u00fcgbarkeit von MDF-Fronten in RAL- und NCS-Farben bietet das Angebot von <strong>wikiCNC<\/strong> praktisch unbegrenzte Gestaltungsm\u00f6glichkeiten, sodass M\u00f6bel ganz individuell auf die Bed\u00fcrfnisse der Kunden zugeschnitten werden k\u00f6nnen.<\/p>\n<h3>Promotion f\u00fcr MDF-Fronten von wikiCNC<\/h3>\n<p>Im Rahmen der MDF-Fronten-Promotion lohnt es sich, ihre Vielseitigkeit sowie das attraktive Preis-Leistungs-Verh\u00e4ltnis hervorzuheben. In Werbematerialien betont die Firma <strong>wikiCNC<\/strong> folgende Vorteile: <\/p>\n<ul>\n<li>\n<p><strong>Design und Personalisierungsm\u00f6glichkeiten<\/strong> \u2013 Das von wikiCNC angebotene MDF erm\u00f6glicht die Herstellung beliebiger Formen und Muster. Indem das Unternehmen seinen Kunden einzigartige Entw\u00fcrfe bietet, hebt es sich deutlich von der Konkurrenz ab. <\/p>\n<\/li>\n<li>\n<p><strong>Reiche Farbvielfalt und Oberfl\u00e4chen<\/strong> \u2013 Kunden k\u00f6nnen aus zahlreichen Oberfl\u00e4chenoptionen w\u00e4hlen, darunter eine gro\u00dfe Farbpalette der Systeme RAL und NCS. Dadurch eignen sich MDF-Fronten ideal sowohl f\u00fcr moderne, minimalistische Innenr\u00e4ume als auch f\u00fcr klassischere Arrangements.<\/p>\n<\/li>\n<li>\n<p><strong>Langlebigkeit und Pflegeleichtigkeit<\/strong> \u2013 MDF-Fronten von wikiCNC sind einfach zu reinigen und ihre Haltbarkeit garantiert, dass sie \u00fcber viele Jahre hinweg gut aussehen.<\/p>\n<\/li>\n<\/ul>\n<p>Mit dem Fokus auf MDF in der Aktion f\u00fcr Vitrinenfronten bietet <strong>wikiCNC<\/strong> den Kunden eine hervorragende Kombination aus Qualit\u00e4t, \u00c4sthetik und attraktivem Preis \u2013 der Schl\u00fcssel zu deren Zufriedenheit. Zudem erm\u00f6glicht die gro\u00dfe Farbauswahl aus den RAL- und NCS-Paletten die Gestaltung von Fronten, die perfekt zu jedem Innenraum passen. <\/p>\n<p>[\/et_pb_text][\/et_pb_column][et_pb_column type=&#8220;2_5&#8243; _builder_version=&#8220;4.27.0&#8243; _module_preset=&#8220;default&#8220; global_colors_info=&#8220;{}&#8220;][et_pb_image src=&#8220;https:\/\/wikicnc.pl\/wp-content\/uploads\/2024\/09\/wikiCNC-witryna-front-meblowy.png&#8220; alt=&#8220;M\u00f6belfronten f\u00fcr Vitrinen aus MDF, angeboten von wikiCNC, erh\u00e4ltlich in einer breiten Farbpalette der RAL- und NCS-Systeme.&lt;br&gt;Robust, \u00e4sthetisch und feuchtigkeitsbest\u00e4ndig \u2013 ideal f\u00fcr moderne und klassische Raumgestaltungen. &#8220; title_text=&#8220;wikiCNC &#8211; Vitrinen-M\u00f6belfront&#8220; _builder_version=&#8220;4.27.0&#8243; _module_preset=&#8220;default&#8220; custom_padding=&#8220;45px|||||&#8220; global_colors_info=&#8220;{}&#8220;][\/et_pb_image][et_pb_image src=&#8220;https:\/\/wikicnc.pl\/wp-content\/uploads\/2024\/09\/wikiCNC-witryna-front-meblowy-WO.png&#8220; alt=&#8220;Stilvolle M\u00f6bel-Fronten aus MDF von wikiCNC, erh\u00e4ltlich in verschiedenen RAL- und NCS-Farben, verbinden modernes Design mit Langlebigkeit und einfacher Pflege. Muster W0 &#8220; title_text=&#8220;wikiCNC \u2013 Vitrine \u2013 M\u00f6bel-Front W0&#8243; _builder_version=&#8220;4.27.0&#8243; _module_preset=&#8220;default&#8220; custom_margin=&#8220;100px|||||&#8220; global_colors_info=&#8220;{}&#8220;][\/et_pb_image][\/et_pb_column][\/et_pb_row][\/et_pb_section][et_pb_section fb_built=&#8220;1&#8243; _builder_version=&#8220;4.18.0&#8243; _module_preset=&#8220;default&#8220; background_color=&#8220;#f4f4f4&#8243; custom_margin=&#8220;0px||||false|false&#8220; global_colors_info=&#8220;{}&#8220;][et_pb_row column_structure=&#8220;3_5,2_5&#8243; _builder_version=&#8220;4.18.0&#8243; _module_preset=&#8220;default&#8220; global_colors_info=&#8220;{}&#8220;][et_pb_column type=&#8220;3_5&#8243; _builder_version=&#8220;4.18.0&#8243; _module_preset=&#8220;default&#8220; animation_style=&#8220;slide&#8220; animation_direction=&#8220;left&#8220; animation_duration=&#8220;600ms&#8220; animation_intensity_slide=&#8220;5%&#8220; global_colors_info=&#8220;{}&#8220;][et_pb_text _builder_version=&#8220;4.18.0&#8243; _module_preset=&#8220;default&#8220; text_font_size=&#8220;18px&#8220; header_3_font_size=&#8220;34px&#8220; global_colors_info=&#8220;{}&#8220;]<\/p>\n<h3>Wir haben eine gr\u00f6\u00dfere Auswahl an <strong>Vitrinen.<\/strong><\/h3>\n<p><strong>Wir gehen individuell auf jeden Kunden ein.<\/strong><br \/>Alle Interessierten laden wir herzlich ein, Kontakt aufzunehmen.<\/p>\n<p>[\/et_pb_text][\/et_pb_column][et_pb_column type=&#8220;2_5&#8243; _builder_version=&#8220;4.18.0&#8243; _module_preset=&#8220;default&#8220; animation_style=&#8220;slide&#8220; animation_direction=&#8220;right&#8220; animation_duration=&#8220;600ms&#8220; animation_intensity_slide=&#8220;5%&#8220; global_colors_info=&#8220;{}&#8220;][et_pb_button button_url=&#8220;@ET-DC@eyJkeW5hbWljIjp0cnVlLCJjb250ZW50IjoicG9zdF9saW5rX3VybF9wYWdlIiwic2V0dGluZ3MiOnsicG9zdF9pZCI6IjIwIiwiZW5hYmxlX2h0bWwiOiJvZmYifX0=@&#8220; button_text=&#8220;Weiter zum Kontakt&#8220; button_alignment=&#8220;center&#8220; _builder_version=&#8220;4.18.0&#8243; _dynamic_attributes=&#8220;button_url&#8220; _module_preset=&#8220;default&#8220; custom_button=&#8220;on&#8220; button_text_size=&#8220;22px&#8220; button_text_color=&#8220;#000000&#8243; button_border_width=&#8220;1px&#8220; button_border_radius=&#8220;9px&#8220; button_font=&#8220;|600|||||||&#8220; button_icon=&#8220;&#x35;||divi||400&#8243; custom_margin=&#8220;24px||||false|false&#8220; animation_style=&#8220;slide&#8220; animation_direction=&#8220;right&#8220; animation_duration=&#8220;600ms&#8220; animation_intensity_slide=&#8220;5%&#8220; locked=&#8220;off&#8220; global_colors_info=&#8220;{}&#8220; button_bg_color__hover_enabled=&#8220;on|desktop&#8220; button_bg_color__hover=&#8220;#000000&#8243; button_bg_enable_color__hover=&#8220;on&#8220; button_text_color__hover_enabled=&#8220;on|desktop&#8220; button_text_color__hover=&#8220;#FFFFFF&#8220;][\/et_pb_button][\/et_pb_column][\/et_pb_row][\/et_pb_section]<\/p>\n","protected":false},"excerpt":{"rendered":"<p>Die Firma wikiCNC spezialisiert sich auf die Herstellung von gefr\u00e4sten Vitrinen. F\u00fcr unsere Standardproduktionen verwenden wir beidseitig laminierte MDF-Platten mit einer St\u00e4rke von 19 mm. Wir konzentrieren uns nicht nur auf die Auftragsausf\u00fchrung, sondern beraten auch bei Bedarf und suchen gemeinsam mit dem Kunden nach der optimalen L\u00f6sung.Die Vitrine \u2013 vielseitig einsetzbar, kann sie das [&hellip;]<\/p>\n","protected":false},"author":1,"featured_media":0,"parent":0,"menu_order":0,"comment_status":"closed","ping_status":"closed","template":"","meta":{"_et_pb_use_builder":"on","_et_pb_old_content":"","_et_gb_content_width":"","footnotes":""},"class_list":["post-6096","page","type-page","status-publish","hentry"],"_links":{"self":[{"href":"https:\/\/wikicnc.pl\/de\/wp-json\/wp\/v2\/pages\/6096","targetHints":{"allow":["GET"]}}],"collection":[{"href":"https:\/\/wikicnc.pl\/de\/wp-json\/wp\/v2\/pages"}],"about":[{"href":"https:\/\/wikicnc.pl\/de\/wp-json\/wp\/v2\/types\/page"}],"author":[{"embeddable":true,"href":"https:\/\/wikicnc.pl\/de\/wp-json\/wp\/v2\/users\/1"}],"replies":[{"embeddable":true,"href":"https:\/\/wikicnc.pl\/de\/wp-json\/wp\/v2\/comments?post=6096"}],"version-history":[{"count":6,"href":"https:\/\/wikicnc.pl\/de\/wp-json\/wp\/v2\/pages\/6096\/revisions"}],"predecessor-version":[{"id":8402,"href":"https:\/\/wikicnc.pl\/de\/wp-json\/wp\/v2\/pages\/6096\/revisions\/8402"}],"wp:attachment":[{"href":"https:\/\/wikicnc.pl\/de\/wp-json\/wp\/v2\/media?parent=6096"}],"curies":[{"name":"wp","href":"https:\/\/api.w.org\/{rel}","templated":true}]}}