{"id":6081,"date":"2022-08-03T14:15:57","date_gmt":"2022-08-03T12:15:57","guid":{"rendered":"https:\/\/wikicnc.pl\/neuigkeiten\/"},"modified":"2025-08-01T23:41:56","modified_gmt":"2025-08-01T21:41:56","slug":"neuigkeiten","status":"publish","type":"page","link":"https:\/\/wikicnc.pl\/de\/neuigkeiten\/","title":{"rendered":"Neuigkeiten"},"content":{"rendered":"<p>[et_pb_section fb_built=&#8220;1&#8243; module_class=&#8220;pa-blur&#8220; _builder_version=&#8220;4.18.0&#8243; _module_preset=&#8220;default&#8220; background_image=&#8220;https:\/\/wikicnc.pl\/wp-content\/uploads\/2022\/08\/aktualnosci2.jpg&#8220; parallax=&#8220;on&#8220; animation_style=&#8220;slide&#8220; animation_direction=&#8220;top&#8220; animation_duration=&#8220;600ms&#8220; animation_intensity_slide=&#8220;5%&#8220; locked=&#8220;off&#8220; global_colors_info=&#8220;{}&#8220;][et_pb_row _builder_version=&#8220;4.18.0&#8243; _module_preset=&#8220;default&#8220; global_colors_info=&#8220;{}&#8220;][et_pb_column type=&#8220;4_4&#8243; _builder_version=&#8220;4.18.0&#8243; _module_preset=&#8220;default&#8220; global_colors_info=&#8220;{}&#8220;][et_pb_text _builder_version=&#8220;4.18.0&#8243; _dynamic_attributes=&#8220;content&#8220; _module_preset=&#8220;default&#8220; header_font=&#8220;||||||||&#8220; header_text_align=&#8220;center&#8220; header_font_size=&#8220;56px&#8220; custom_padding=&#8220;20px||20px||false|false&#8220; global_colors_info=&#8220;{}&#8220;]@ET-DC@eyJkeW5hbWljIjp0cnVlLCJjb250ZW50IjoicG9zdF90aXRsZSIsInNldHRpbmdzIjp7ImJlZm9yZSI6IjxoMT4iLCJhZnRlciI6IjxcL2gxPiJ9fQ==@[\/et_pb_text][\/et_pb_column][\/et_pb_row][\/et_pb_section][et_pb_section fb_built=&#8220;1&#8243; _builder_version=&#8220;4.18.0&#8243; _module_preset=&#8220;default&#8220; custom_padding=&#8220;||0px|||&#8220; global_colors_info=&#8220;{}&#8220;][et_pb_row column_structure=&#8220;2_3,1_3&#8243; use_custom_gutter=&#8220;on&#8220; gutter_width=&#8220;2&#8243; _builder_version=&#8220;4.18.0&#8243; _module_preset=&#8220;default&#8220; global_colors_info=&#8220;{}&#8220;][et_pb_column type=&#8220;2_3&#8243; _builder_version=&#8220;4.18.0&#8243; _module_preset=&#8220;default&#8220; animation_style=&#8220;slide&#8220; animation_direction=&#8220;left&#8220; animation_duration=&#8220;600ms&#8220; animation_intensity_slide=&#8220;5%&#8220; global_colors_info=&#8220;{}&#8220;][et_pb_text _builder_version=&#8220;4.27.2&#8243; _module_preset=&#8220;default&#8220; custom_margin=&#8220;-42px|||||&#8220; global_colors_info=&#8220;{}&#8220;][\/et_pb_text][et_pb_text _builder_version=&#8220;4.27.4&#8243; _module_preset=&#8220;default&#8220; global_colors_info=&#8220;{}&#8220;]<\/p>\n<h2 style=\"text-align: center;\">Neuigkeiten und Trends.<br \/>Innovationen bei lackierten Fronten:<\/h2>\n<p>[\/et_pb_text][et_pb_blog fullwidth=&#8220;off&#8220; posts_number=&#8220;10000&#8243; include_categories=&#8220;22,25,24&#8243; excerpt_length=&#8220;200&#8243; show_more=&#8220;on&#8220; show_author=&#8220;off&#8220; show_categories=&#8220;off&#8220; _builder_version=&#8220;4.27.4&#8243; _module_preset=&#8220;default&#8220; background_enable_image=&#8220;off&#8220; border_width_all_image=&#8220;1px&#8220; global_colors_info=&#8220;{}&#8220;][\/et_pb_blog][\/et_pb_column][et_pb_column type=&#8220;1_3&#8243; _builder_version=&#8220;4.18.0&#8243; _module_preset=&#8220;default&#8220; custom_padding=&#8220;20px||20px|30px|false|false&#8220; border_width_left=&#8220;1px&#8220; border_color_left=&#8220;#c9c9c9&#8243; global_colors_info=&#8220;{}&#8220;][et_pb_code _builder_version=&#8220;4.27.2&#8243; _module_preset=&#8220;default&#8220; animation_style=&#8220;slide&#8220; animation_direction=&#8220;right&#8220; animation_duration=&#8220;500ms&#8220; animation_intensity_slide=&#8220;5%&#8220; global_colors_info=&#8220;{}&#8220;]<iframe loading=\"lazy\" alt=\"Neuigkeiten\" src=\"https:\/\/www.facebook.com\/plugins\/page.php?href=https%3A%2F%2Fwww.facebook.com%2Fwikicnc%2F&amp;tabs&amp;width=340&amp;height=130&amp;small_header=false&amp;adapt_container_width=true&amp;hide_cover=false&amp;show_facepile=true&amp;appId\" width=\"340\" height=\"130\" style=\"border:none;overflow:hidden\" scrolling=\"no\" frameborder=\"0\" allowfullscreen=\"true\" allow=\"autoplay; clipboard-write; encrypted-media; picture-in-picture; web-share\"><\/iframe>[\/et_pb_code][et_pb_social_media_follow use_icon_font_size=&#8220;on&#8220; icon_font_size=&#8220;18px&#8220; _builder_version=&#8220;4.18.0&#8243; _module_preset=&#8220;default&#8220; text_orientation=&#8220;left&#8220; animation_style=&#8220;slide&#8220; animation_direction=&#8220;right&#8220; animation_duration=&#8220;600ms&#8220; animation_intensity_slide=&#8220;5%&#8220; border_radii=&#8220;on|9px|9px|9px|9px&#8220; global_colors_info=&#8220;{}&#8220;][et_pb_social_media_follow_network social_network=&#8220;facebook&#8220; url=&#8220;https:\/\/www.facebook.com\/wikicnc&#8220; _builder_version=&#8220;4.18.0&#8243; _module_preset=&#8220;default&#8220; background_color=&#8220;#3b5998&#8243; global_colors_info=&#8220;{}&#8220; follow_button=&#8220;off&#8220; url_new_window=&#8220;on&#8220;]facebook[\/et_pb_social_media_follow_network][et_pb_social_media_follow_network social_network=&#8220;instagram&#8220; url=&#8220;https:\/\/www.instagram.com\/wikicnc\/&#8220; _builder_version=&#8220;4.18.0&#8243; _module_preset=&#8220;default&#8220; background_color=&#8220;#e82c6d&#8220; background_enable_color=&#8220;on&#8220; global_colors_info=&#8220;{}&#8220; follow_button=&#8220;off&#8220; url_new_window=&#8220;on&#8220;]instagram[\/et_pb_social_media_follow_network][et_pb_social_media_follow_network social_network=&#8220;youtube&#8220; url=&#8220;https:\/\/www.youtube.com\/channel\/UCvWXhGq82na6XL9ESaDiOQA&#8220; _builder_version=&#8220;4.18.0&#8243; _module_preset=&#8220;default&#8220; background_color=&#8220;#ce2900&#8243; background_enable_color=&#8220;on&#8220; global_colors_info=&#8220;{}&#8220; follow_button=&#8220;off&#8220; url_new_window=&#8220;on&#8220;]youtube[\/et_pb_social_media_follow_network][et_pb_social_media_follow_network social_network=&#8220;linkedin&#8220; url=&#8220;https:\/\/www.linkedin.com\/company\/wikicnc\/about\/&#8220; _builder_version=&#8220;4.18.0&#8243; _module_preset=&#8220;default&#8220; background_color=&#8220;#007bb6&#8243; global_colors_info=&#8220;{}&#8220; follow_button=&#8220;off&#8220; url_new_window=&#8220;on&#8220;]linkedin[\/et_pb_social_media_follow_network][\/et_pb_social_media_follow][et_pb_text _builder_version=&#8220;4.27.2&#8243; _module_preset=&#8220;default&#8220; animation_style=&#8220;slide&#8220; animation_direction=&#8220;right&#8220; animation_duration=&#8220;700ms&#8220; animation_intensity_slide=&#8220;5%&#8220; global_colors_info=&#8220;{}&#8220;]<\/p>\n<p><span>Das Team <strong>#<\/strong><\/span><strong>wikiCNC <\/strong><span> besch\u00e4ftigt sich mit der Herstellung von MDF-Fronten, modularen Wandpaneelen, Treppenzuschnitten, spezialisierten Tischler- und Polsterarbeiten sowie der Erstellung technischer Dokumentationen und branchenspezifischer Zeichnungen nach Kundenwunsch.<\/span><\/p>\n<p>[\/et_pb_text][et_pb_button button_url=&#8220;@ET-DC@eyJkeW5hbWljIjp0cnVlLCJjb250ZW50IjoicG9zdF9saW5rX3VybF9wYWdlIiwic2V0dGluZ3MiOnsicG9zdF9pZCI6IjIwIn19@&#8220; button_text=&#8220;Weiter zum Kontakt&#8220; button_alignment=&#8220;center&#8220; _builder_version=&#8220;4.18.0&#8243; _dynamic_attributes=&#8220;button_url&#8220; _module_preset=&#8220;default&#8220; custom_button=&#8220;on&#8220; button_text_size=&#8220;20px&#8220; button_text_color=&#8220;#000000&#8243; button_border_width=&#8220;1px&#8220; button_border_radius=&#8220;9px&#8220; button_font=&#8220;|600|||||||&#8220; button_icon=&#8220;&#x35;||divi||400&#8243; custom_margin=&#8220;30px||||false|false&#8220; animation_style=&#8220;slide&#8220; animation_direction=&#8220;right&#8220; animation_duration=&#8220;800ms&#8220; animation_intensity_slide=&#8220;5%&#8220; locked=&#8220;off&#8220; global_colors_info=&#8220;{}&#8220; button_bg_color__hover_enabled=&#8220;on|desktop&#8220; button_bg_color__hover=&#8220;#000000&#8243; button_bg_enable_color__hover=&#8220;on&#8220; button_text_color__hover_enabled=&#8220;on|desktop&#8220; button_text_color__hover=&#8220;#FFFFFF&#8220;][\/et_pb_button][\/et_pb_column][\/et_pb_row][\/et_pb_section][et_pb_section fb_built=&#8220;1&#8243; _builder_version=&#8220;4.18.0&#8243; _module_preset=&#8220;default&#8220; custom_padding=&#8220;3px|||||&#8220; global_colors_info=&#8220;{}&#8220;][et_pb_row use_custom_gutter=&#8220;on&#8220; gutter_width=&#8220;2&#8243; _builder_version=&#8220;4.18.0&#8243; _module_preset=&#8220;default&#8220; custom_padding=&#8220;3px|||||&#8220; global_colors_info=&#8220;{}&#8220;][et_pb_column type=&#8220;4_4&#8243; _builder_version=&#8220;4.18.0&#8243; _module_preset=&#8220;default&#8220; animation_style=&#8220;slide&#8220; animation_direction=&#8220;left&#8220; animation_duration=&#8220;600ms&#8220; animation_intensity_slide=&#8220;5%&#8220; global_colors_info=&#8220;{}&#8220;][et_pb_text _builder_version=&#8220;4.27.2&#8243; _module_preset=&#8220;default&#8220; global_colors_info=&#8220;{}&#8220;][\/et_pb_text][et_pb_divider _builder_version=&#8220;4.27.2&#8243; _module_preset=&#8220;default&#8220; min_height=&#8220;50.8px&#8220; custom_margin=&#8220;50px|||||&#8220; custom_padding=&#8220;0px||0px|||&#8220; global_colors_info=&#8220;{}&#8220;][\/et_pb_divider][lwp_image_carousel gallery_ids=&#8220;1107,1106,1105,1104,1103,1102,1101,1100,1099,1098,1097,1096,1095,1112,1111,1110,1109,1108,1093,1092,1091,1090,1089,1088,1087,1086,1085,1084,1083,1082,1081,1080,1079,1078,1077,1076,1075,1074,1073,1072,1071,1070,1069,1068,1067,1066,1065,1064,1063,1062,1061,1060,1059,1058,1057,1056,1055,1054,1053&#8243; show_dots=&#8220;off&#8220; arrow_color=&#8220;#fcef00&#8243; dots_color=&#8220;RGBA(255,255,255,0)&#8220; layout=&#8220;center&#8220; vertical_layout=&#8220;off&#8220; _builder_version=&#8220;4.27.2&#8243; _module_preset=&#8220;default&#8220; transform_scale=&#8220;130%|130%&#8220; border_color_all_center_image=&#8220;RGBA(255,255,255,0)&#8220; global_colors_info=&#8220;{}&#8220;][\/lwp_image_carousel][et_pb_divider _builder_version=&#8220;4.27.2&#8243; _module_preset=&#8220;default&#8220; min_height=&#8220;15.8px&#8220; custom_margin=&#8220;60px|||||&#8220; custom_padding=&#8220;||51px|||&#8220; global_colors_info=&#8220;{}&#8220;][\/et_pb_divider][et_pb_accordion _builder_version=&#8220;4.27.2&#8243; _module_preset=&#8220;default&#8220; custom_margin=&#8220;-1px|||||&#8220; global_colors_info=&#8220;{}&#8220;][et_pb_accordion_item title=&#8220;Ist das eine Front f\u00fcr einen K\u00fcchenschrank?&#8220; open=&#8220;on&#8220; _builder_version=&#8220;4.27.2&#8243; _module_preset=&#8220;default&#8220; global_colors_info=&#8220;{}&#8220;]<\/p>\n<p>Hier findest du Updates zu Trends im K\u00fcchen- und M\u00f6beldesign sowie Neuigkeiten rund um unser Unternehmen wikiCNC. Folge uns, um immer auf dem neuesten Stand zu bleiben und dich von Ideen inspirieren zu lassen, die dir helfen, deinen Traumraum zu gestalten! <\/p>\n<p>[\/et_pb_accordion_item][et_pb_accordion_item title=&#8220;Welche K\u00fcchenfronten?&#8220; _builder_version=&#8220;4.27.2&#8243; _module_preset=&#8220;default&#8220; global_colors_info=&#8220;{}&#8220; open=&#8220;off&#8220;]<\/p>\n<p>Im Bereich <a href=\"https:\/\/wikicnc.pl\/de\/neuigkeiten\/\" title=\"Neuigkeiten\"><strong>\u201eAktuelles\u201c<\/strong><\/a> werden wir regelm\u00e4\u00dfig Neuigkeiten und Trends aus der Welt des neuesten K\u00fcchen- und M\u00f6beldesigns ver\u00f6ffentlichen. Unser Ziel ist es, unseren Kunden Informationen \u00fcber innovative L\u00f6sungen zu liefern, die \u00c4sthetik mit Funktionalit\u00e4t verbinden. Folgen Sie uns, um stets auf dem Laufenden zu bleiben und Inspirationen zu erhalten, die bei der Gestaltung moderner K\u00fcchenr\u00e4ume helfen. Wir garantieren, dass unsere Beitr\u00e4ge wertvolle Tipps f\u00fcr alle bieten, die ihr Zuhause neu gestalten m\u00f6chten.   <\/p>\n<p>&nbsp;<\/p>\n<p>[\/et_pb_accordion_item][\/et_pb_accordion][\/et_pb_column][\/et_pb_row][\/et_pb_section]<\/p>\n","protected":false},"excerpt":{"rendered":"<p>Neuigkeiten und Trends.Innovationen bei lackierten Fronten:Das Team #wikiCNC besch\u00e4ftigt sich mit der Herstellung von MDF-Fronten, modularen Wandpaneelen, Treppenzuschnitten, spezialisierten Tischler- und Polsterarbeiten sowie der Erstellung technischer Dokumentationen und branchenspezifischer Zeichnungen nach Kundenwunsch.<div class=\"et_pb_with_border et_pb_module lwp_image_carousel lwp_image_carousel_0\">\n\t\t\t\t\n\t\t\t\t\n\t\t\t\t\n\t\t\t\t\n\t\t\t\t\n\t\t\t\t\n\t\t\t\t<div class=\"et_pb_module_inner\">\n\t\t\t\t\t\r\n\t\t\t<section class=\"lwp-slick-slider slider small-slider lwp-center-slider lwp-side-center\" data-slick='{ \"vertical\":false, \"centerMode\": true, \"centerPadding\": \"60px\",  \"slidesToShow\": 3, \"dots\":false, \"arrows\":true, \"infinite\":true, \"autoplay\":false, \"autoplaySpeed\":2000, \"pauseOnHover\":true, \"adaptiveHeight\":true, \"speed\":300, \"cssEase\":\"ease\", \"responsive\": [ { \"breakpoint\": 980, \"settings\": { \"centerMode\": true, \"slidesToShow\": 3, \"arrows\":true,\"dots\":false } } ,{ \"breakpoint\": 767, \"settings\": {\"centerMode\": true, \"slidesToShow\": 1, \"arrows\":true,\"dots\":false } } ] }'>\r\n\t\t\t\t<div><img decoding=\"async\" src=\"https:\/\/wikicnc.pl\/wp-content\/uploads\/2024\/10\/Fronty_300X300__AF069_PAMELA.png\" alt=\"\" title=\"Fronty_300X300__AF069_PAMELA\"><\/div><div><img decoding=\"async\" src=\"https:\/\/wikicnc.pl\/wp-content\/uploads\/2024\/10\/Fronty_300X300__AF068_KLEMENTYNA.png\" alt=\"\" title=\"Fronty_300X300__AF068_KLEMENTYNA\"><\/div><div><img decoding=\"async\" src=\"https:\/\/wikicnc.pl\/wp-content\/uploads\/2024\/10\/Fronty_300X300__AF067_BOGNA.png\" alt=\"\" title=\"Fronty_300X300__AF067_BOGNA\"><\/div><div><img decoding=\"async\" src=\"https:\/\/wikicnc.pl\/wp-content\/uploads\/2024\/10\/Fronty_300X300__AF066_SANDRA.png\" alt=\"\" title=\"Fronty_300X300__AF066_SANDRA\"><\/div><div><img decoding=\"async\" src=\"https:\/\/wikicnc.pl\/wp-content\/uploads\/2024\/10\/Fronty_300X300__AF065_JAGNA.png\" alt=\"\" title=\"Fronty_300X300__AF065_JAGNA\"><\/div><div><img decoding=\"async\" src=\"https:\/\/wikicnc.pl\/wp-content\/uploads\/2024\/10\/Fronty_300X300__AF064_JOWITA.png\" alt=\"\" title=\"Fronty_300X300__AF064_JOWITA\"><\/div><div><img decoding=\"async\" src=\"https:\/\/wikicnc.pl\/wp-content\/uploads\/2024\/10\/Fronty_300X300__AF062_BEATA.png\" alt=\"\" title=\"Fronty_300X300__AF062_BEATA\"><\/div><div><img decoding=\"async\" src=\"https:\/\/wikicnc.pl\/wp-content\/uploads\/2024\/10\/Fronty_300X300__AF061_ELENA.png\" alt=\"\" title=\"Fronty_300X300__AF061_ELENA\"><\/div><div><img decoding=\"async\" src=\"https:\/\/wikicnc.pl\/wp-content\/uploads\/2024\/10\/Fronty_300X300__AF059_KORNELIA.png\" alt=\"\" title=\"Fronty_300X300__AF059_KORNELIA\"><\/div><div><img decoding=\"async\" src=\"https:\/\/wikicnc.pl\/wp-content\/uploads\/2024\/10\/Fronty_300X300__AF058_ANDREA.png\" alt=\"\" title=\"Fronty_300X300__AF058_ANDREA\"><\/div><div><img decoding=\"async\" src=\"https:\/\/wikicnc.pl\/wp-content\/uploads\/2024\/10\/Fronty_300X300__AF057_ALICJA.png\" alt=\"\" title=\"Fronty_300X300__AF057_ALICJA\"><\/div><div><img decoding=\"async\" src=\"https:\/\/wikicnc.pl\/wp-content\/uploads\/2024\/10\/Fronty_300X300__AF055_SOFIA.png\" alt=\"\" title=\"Fronty_300X300__AF055_SOFIA\"><\/div><div><img decoding=\"async\" src=\"https:\/\/wikicnc.pl\/wp-content\/uploads\/2024\/10\/Fronty_300X300__AF051_AMBER.png\" alt=\"\" title=\"Fronty_300X300__AF051_AMBER\"><\/div><div><img decoding=\"async\" src=\"https:\/\/wikicnc.pl\/wp-content\/uploads\/2024\/10\/Fronty_300X300__AF079_WIOLA.png\" alt=\"\" title=\"Fronty_300X300__AF079_WIOLA\"><\/div><div><img decoding=\"async\" src=\"https:\/\/wikicnc.pl\/wp-content\/uploads\/2024\/10\/Fronty_300X300__AF076_JASMINA.png\" alt=\"\" title=\"Fronty_300X300__AF076_JASMINA\"><\/div><div><img decoding=\"async\" src=\"https:\/\/wikicnc.pl\/wp-content\/uploads\/2024\/10\/Fronty_300X300__AF075_KALINA.png\" alt=\"\" title=\"Fronty_300X300__AF075_KALINA\"><\/div><div><img decoding=\"async\" src=\"https:\/\/wikicnc.pl\/wp-content\/uploads\/2024\/10\/Fronty_300X300__AF074_CELINA.png\" alt=\"\" title=\"Fronty_300X300__AF074_CELINA\"><\/div><div><img decoding=\"async\" src=\"https:\/\/wikicnc.pl\/wp-content\/uploads\/2024\/10\/Fronty_300X300__AF070_SHUTTERS.png\" alt=\"\" title=\"Fronty_300X300__AF070_SHUTTERS\"><\/div><div><img decoding=\"async\" src=\"https:\/\/wikicnc.pl\/wp-content\/uploads\/2024\/10\/Fronty_300X300__AF047_NADIA.png\" alt=\"\" title=\"Fronty_300X300__AF047_NADIA\"><\/div><div><img decoding=\"async\" src=\"https:\/\/wikicnc.pl\/wp-content\/uploads\/2024\/10\/Fronty_300X300__AF046_SELENA.png\" alt=\"\" title=\"Fronty_300X300__AF046_SELENA\"><\/div><div><img decoding=\"async\" src=\"https:\/\/wikicnc.pl\/wp-content\/uploads\/2024\/10\/Fronty_300X300__AF045_MARLENA.png\" alt=\"\" title=\"Fronty_300X300__AF045_MARLENA\"><\/div><div><img decoding=\"async\" src=\"https:\/\/wikicnc.pl\/wp-content\/uploads\/2024\/10\/Fronty_300X300__AF044_KAJA.png\" alt=\"\" title=\"Fronty_300X300__AF044_KAJA\"><\/div><div><img decoding=\"async\" src=\"https:\/\/wikicnc.pl\/wp-content\/uploads\/2024\/10\/Fronty_300X300__AF043_BERNADETA.png\" alt=\"\" title=\"Fronty_300X300__AF043_BERNADETA\"><\/div><div><img decoding=\"async\" src=\"https:\/\/wikicnc.pl\/wp-content\/uploads\/2024\/10\/Fronty_300X300__AF041_KLARA.png\" alt=\"\" title=\"Fronty_300X300__AF041_KLARA\"><\/div><div><img decoding=\"async\" src=\"https:\/\/wikicnc.pl\/wp-content\/uploads\/2024\/10\/Fronty_300X300__AF040_HELA.png\" alt=\"\" title=\"Fronty_300X300__AF040_HELA\"><\/div><div><img decoding=\"async\" src=\"https:\/\/wikicnc.pl\/wp-content\/uploads\/2024\/10\/Fronty_300X300__AF038_SARA.png\" alt=\"\" title=\"Fronty_300X300__AF038_SARA\"><\/div><div><img decoding=\"async\" src=\"https:\/\/wikicnc.pl\/wp-content\/uploads\/2024\/10\/Fronty_300X300__AF037_MIRKA.png\" alt=\"\" title=\"Fronty_300X300__AF037_MIRKA\"><\/div><div><img decoding=\"async\" src=\"https:\/\/wikicnc.pl\/wp-content\/uploads\/2024\/10\/Fronty_300X300__AF036_ZUZANNA.png\" alt=\"\" title=\"Fronty_300X300__AF036_ZUZANNA\"><\/div><div><img decoding=\"async\" src=\"https:\/\/wikicnc.pl\/wp-content\/uploads\/2024\/10\/Fronty_300X300__AF035_MARTYNA.png\" alt=\"\" title=\"Fronty_300X300__AF035_MARTYNA\"><\/div><div><img decoding=\"async\" src=\"https:\/\/wikicnc.pl\/wp-content\/uploads\/2024\/10\/Fronty_300X300__AF031_DOROTA.png\" alt=\"\" title=\"Fronty_300X300__AF031_DOROTA\"><\/div><div><img decoding=\"async\" src=\"https:\/\/wikicnc.pl\/wp-content\/uploads\/2024\/10\/Fronty_300X300__AF030_MONIKA.png\" alt=\"\" title=\"Fronty_300X300__AF030_MONIKA\"><\/div><div><img decoding=\"async\" src=\"https:\/\/wikicnc.pl\/wp-content\/uploads\/2024\/10\/Fronty_300X300__AF029_AGA.png\" alt=\"\" title=\"Fronty_300X300__AF029_AGA\"><\/div><div><img decoding=\"async\" src=\"https:\/\/wikicnc.pl\/wp-content\/uploads\/2024\/10\/Fronty_300X300__AF028_TOSIA.png\" alt=\"\" title=\"Fronty_300X300__AF028_TOSIA\"><\/div><div><img decoding=\"async\" src=\"https:\/\/wikicnc.pl\/wp-content\/uploads\/2024\/10\/Fronty_300X300__AF027_ELIZA.png\" alt=\"\" title=\"Fronty_300X300__AF027_ELIZA\"><\/div><div><img decoding=\"async\" src=\"https:\/\/wikicnc.pl\/wp-content\/uploads\/2024\/10\/Fronty_300X300__AF026_HONORATA.png\" alt=\"\" title=\"Fronty_300X300__AF026_HONORATA\"><\/div><div><img decoding=\"async\" src=\"https:\/\/wikicnc.pl\/wp-content\/uploads\/2024\/10\/Fronty_300X300__AF025_BELLA.png\" alt=\"\" title=\"Fronty_300X300__AF025_BELLA\"><\/div><div><img decoding=\"async\" src=\"https:\/\/wikicnc.pl\/wp-content\/uploads\/2024\/10\/Fronty_300X300__AF024_OLA.png\" alt=\"\" title=\"Fronty_300X300__AF024_OLA\"><\/div><div><img decoding=\"async\" src=\"https:\/\/wikicnc.pl\/wp-content\/uploads\/2024\/10\/Fronty_300X300__AF023_SYLWIA.png\" alt=\"\" title=\"Fronty_300X300__AF023_SYLWIA\"><\/div><div><img decoding=\"async\" src=\"https:\/\/wikicnc.pl\/wp-content\/uploads\/2024\/10\/Fronty_300X300__AF022_MALWINA.png\" alt=\"\" title=\"Fronty_300X300__AF022_MALWINA\"><\/div><div><img decoding=\"async\" src=\"https:\/\/wikicnc.pl\/wp-content\/uploads\/2024\/10\/Fronty_300X300__AF021_NATALIA.png\" alt=\"\" title=\"Fronty_300X300__AF021_NATALIA\"><\/div><div><img decoding=\"async\" src=\"https:\/\/wikicnc.pl\/wp-content\/uploads\/2024\/10\/Fronty_300X300__AF020_IWONA.png\" alt=\"\" title=\"Fronty_300X300__AF020_IWONA\"><\/div><div><img decoding=\"async\" src=\"https:\/\/wikicnc.pl\/wp-content\/uploads\/2024\/10\/Fronty_300X300__AF019_AGATA.png\" alt=\"\" title=\"Fronty_300X300__AF019_AGATA\"><\/div><div><img decoding=\"async\" src=\"https:\/\/wikicnc.pl\/wp-content\/uploads\/2024\/10\/Fronty_300X300__AF018_ULA.png\" alt=\"\" title=\"Fronty_300X300__AF018_ULA\"><\/div><div><img decoding=\"async\" src=\"https:\/\/wikicnc.pl\/wp-content\/uploads\/2024\/10\/Fronty_300X300__AF017_KLAUDIA.png\" alt=\"\" title=\"Fronty_300X300__AF017_KLAUDIA\"><\/div><div><img decoding=\"async\" src=\"https:\/\/wikicnc.pl\/wp-content\/uploads\/2024\/10\/Fronty_300X300__AF015_ZOSIA.png\" alt=\"\" title=\"Fronty_300X300__AF015_ZOSIA\"><\/div><div><img decoding=\"async\" src=\"https:\/\/wikicnc.pl\/wp-content\/uploads\/2024\/10\/Fronty_300X300__AF014_IGA.png\" alt=\"\" title=\"Fronty_300X300__AF014_IGA\"><\/div><div><img decoding=\"async\" src=\"https:\/\/wikicnc.pl\/wp-content\/uploads\/2024\/10\/Fronty_300X300__AF013_JOANNA.png\" alt=\"\" title=\"Fronty_300X300__AF013_JOANNA\"><\/div><div><img decoding=\"async\" src=\"https:\/\/wikicnc.pl\/wp-content\/uploads\/2024\/10\/Fronty_300X300__AF012_DOMINIKA.png\" alt=\"\" title=\"Fronty_300X300__AF012_DOMINIKA\"><\/div><div><img decoding=\"async\" src=\"https:\/\/wikicnc.pl\/wp-content\/uploads\/2024\/10\/Fronty_300X300__AF011_JULIA.png\" alt=\"\" title=\"Fronty_300X300__AF011_JULIA\"><\/div><div><img decoding=\"async\" src=\"https:\/\/wikicnc.pl\/wp-content\/uploads\/2024\/10\/Fronty_300X300__AF010_ROMEO.png\" alt=\"\" title=\"Fronty_300X300__AF010_ROMEO\"><\/div><div><img decoding=\"async\" src=\"https:\/\/wikicnc.pl\/wp-content\/uploads\/2024\/10\/Fronty_300X300__AF009_EMMA.png\" alt=\"\" title=\"Fronty_300X300__AF009_EMMA\"><\/div><div><img decoding=\"async\" src=\"https:\/\/wikicnc.pl\/wp-content\/uploads\/2024\/10\/Fronty_300X300__AF008_BARBARA.png\" alt=\"\" title=\"Fronty_300X300__AF008_BARBARA\"><\/div><div><img decoding=\"async\" src=\"https:\/\/wikicnc.pl\/wp-content\/uploads\/2024\/10\/Fronty_300X300__AF007_VIKTORIA.png\" alt=\"\" title=\"Fronty_300X300__AF007_VIKTORIA\"><\/div><div><img decoding=\"async\" src=\"https:\/\/wikicnc.pl\/wp-content\/uploads\/2024\/10\/Fronty_300X300__AF006_MAGDA.png\" alt=\"\" title=\"Fronty_300X300__AF006_MAGDA\"><\/div><div><img decoding=\"async\" src=\"https:\/\/wikicnc.pl\/wp-content\/uploads\/2024\/10\/Fronty_300X300__AF005_ANNA.png\" alt=\"\" title=\"Fronty_300X300__AF005_ANNA\"><\/div><div><img decoding=\"async\" src=\"https:\/\/wikicnc.pl\/wp-content\/uploads\/2024\/10\/Fronty_300X300__AF004_MARTA.png\" alt=\"\" title=\"Fronty_300X300__AF004_MARTA\"><\/div><div><img decoding=\"async\" src=\"https:\/\/wikicnc.pl\/wp-content\/uploads\/2024\/10\/Fronty_300X300__AF003_EKRAN.png\" alt=\"\" title=\"Fronty_300X300__AF003_EKRAN\"><\/div><div><img decoding=\"async\" src=\"https:\/\/wikicnc.pl\/wp-content\/uploads\/2024\/10\/Fronty_300X300__AF002_RAMKA.png\" alt=\"\" title=\"Fronty_300X300__AF002_RAMKA\"><\/div><div><img decoding=\"async\" src=\"https:\/\/wikicnc.pl\/wp-content\/uploads\/2024\/10\/Fronty_300X300__AF001_TAFLA.png\" alt=\"\" title=\"Fronty_300X300__AF001_TAFLA\"><\/div>\r\n\t\t\t<\/section>\n\t\t\t\t<\/div>\n\t\t\t<\/div>Hier findest du Updates zu Trends im K\u00fcchen- und M\u00f6beldesign sowie Neuigkeiten rund [&hellip;]<\/p>\n","protected":false},"author":1,"featured_media":0,"parent":0,"menu_order":0,"comment_status":"closed","ping_status":"closed","template":"","meta":{"_et_pb_use_builder":"on","_et_pb_old_content":"<!-- wp:divi\/placeholder \/-->","_et_gb_content_width":"","footnotes":""},"class_list":["post-6081","page","type-page","status-publish","hentry"],"_links":{"self":[{"href":"https:\/\/wikicnc.pl\/de\/wp-json\/wp\/v2\/pages\/6081","targetHints":{"allow":["GET"]}}],"collection":[{"href":"https:\/\/wikicnc.pl\/de\/wp-json\/wp\/v2\/pages"}],"about":[{"href":"https:\/\/wikicnc.pl\/de\/wp-json\/wp\/v2\/types\/page"}],"author":[{"embeddable":true,"href":"https:\/\/wikicnc.pl\/de\/wp-json\/wp\/v2\/users\/1"}],"replies":[{"embeddable":true,"href":"https:\/\/wikicnc.pl\/de\/wp-json\/wp\/v2\/comments?post=6081"}],"version-history":[{"count":13,"href":"https:\/\/wikicnc.pl\/de\/wp-json\/wp\/v2\/pages\/6081\/revisions"}],"predecessor-version":[{"id":7493,"href":"https:\/\/wikicnc.pl\/de\/wp-json\/wp\/v2\/pages\/6081\/revisions\/7493"}],"wp:attachment":[{"href":"https:\/\/wikicnc.pl\/de\/wp-json\/wp\/v2\/media?parent=6081"}],"curies":[{"name":"wp","href":"https:\/\/api.w.org\/{rel}","templated":true}]}}