{"id":6073,"date":"2022-09-06T09:36:16","date_gmt":"2022-09-06T07:36:16","guid":{"rendered":"https:\/\/wikicnc.pl\/nesting\/"},"modified":"2025-07-20T22:17:58","modified_gmt":"2025-07-20T20:17:58","slug":"nesting","status":"publish","type":"page","link":"https:\/\/wikicnc.pl\/de\/nesting\/","title":{"rendered":"Nesting"},"content":{"rendered":"<p>[et_pb_section fb_built=&#8220;1&#8243; module_class=&#8220;pa-blur&#8220; _builder_version=&#8220;4.18.0&#8243; _module_preset=&#8220;default&#8220; background_image=&#8220;https:\/\/wikicnc.pl\/wp-content\/uploads\/2022\/09\/nesting.jpg&#8220; parallax=&#8220;on&#8220; animation_style=&#8220;slide&#8220; animation_direction=&#8220;top&#8220; animation_duration=&#8220;600ms&#8220; animation_intensity_slide=&#8220;5%&#8220; locked=&#8220;off&#8220; global_colors_info=&#8220;{}&#8220;][et_pb_row _builder_version=&#8220;4.18.0&#8243; _module_preset=&#8220;default&#8220; global_colors_info=&#8220;{}&#8220;][et_pb_column type=&#8220;4_4&#8243; _builder_version=&#8220;4.18.0&#8243; _module_preset=&#8220;default&#8220; global_colors_info=&#8220;{}&#8220;][et_pb_text _builder_version=&#8220;4.21.2&#8243; _dynamic_attributes=&#8220;content&#8220; _module_preset=&#8220;default&#8220; header_font=&#8220;||||||||&#8220; header_text_align=&#8220;center&#8220; header_font_size=&#8220;56px&#8220; custom_margin=&#8220;0px||0px||false|false&#8220; custom_padding=&#8220;20px||20px||false|false&#8220; global_colors_info=&#8220;{}&#8220;]@ET-DC@eyJkeW5hbWljIjp0cnVlLCJjb250ZW50IjoicG9zdF90aXRsZSIsInNldHRpbmdzIjp7ImJlZm9yZSI6IjxoMT4iLCJhZnRlciI6IjwvaDE+IiwiZW5hYmxlX2h0bWwiOiJvZmYifX0=@[\/et_pb_text][\/et_pb_column][\/et_pb_row][\/et_pb_section][et_pb_section fb_built=&#8220;1&#8243; _builder_version=&#8220;4.18.0&#8243; _module_preset=&#8220;default&#8220; global_colors_info=&#8220;{}&#8220;][et_pb_row _builder_version=&#8220;4.18.0&#8243; _module_preset=&#8220;default&#8220; global_colors_info=&#8220;{}&#8220;][et_pb_column type=&#8220;4_4&#8243; _builder_version=&#8220;4.18.0&#8243; _module_preset=&#8220;default&#8220; global_colors_info=&#8220;{}&#8220;][et_pb_text _builder_version=&#8220;4.21.2&#8243; _module_preset=&#8220;default&#8220; global_colors_info=&#8220;{}&#8220;]<\/p>\n<p><strong>wikiCNC <\/strong>Wir bieten L\u00f6sungen f\u00fcr die optimierte Zuschnittplanung von Gro\u00dfformatplatten an, die eine Minimierung des Materialabfalls ber\u00fccksichtigen. Qualit\u00e4t, Pr\u00e4zision in der Ausf\u00fchrung, Termintreue und Flexibilit\u00e4t sind die Werte, auf denen unsere Zusammenarbeit mit unseren Gesch\u00e4ftspartnern basiert. <\/p>\n<p>Wir arbeiten mit Unternehmen aus der Automobilbranche, M\u00f6belherstellern sowie aus weiteren Branchen zusammen.<\/p>\n<p>In unserer Arbeit verwenden wir Methoden des <u>geometrischen Nestings<\/u> mit der M\u00f6glichkeit, einzelne Teilegruppen in bestimmten Bereichen der Platten zu verarbeiten, unter Einhaltung definierter Kriterien wie <u>Informationen aus dem Datenbanksystem <\/u>oder <u>Materialeigenschaften<\/u>.<\/p>\n<p>Unseren Kunden bieten wir im Leistungsumfang eine fachkundige Beratung an.<\/p>\n<p>[\/et_pb_text][\/et_pb_column][\/et_pb_row][et_pb_row _builder_version=&#8220;4.18.0&#8243; _module_preset=&#8220;default&#8220; global_colors_info=&#8220;{}&#8220;][et_pb_column type=&#8220;4_4&#8243; _builder_version=&#8220;4.18.0&#8243; _module_preset=&#8220;default&#8220; global_colors_info=&#8220;{}&#8220;][et_pb_text _builder_version=&#8220;4.21.2&#8243; _module_preset=&#8220;default&#8220; global_colors_info=&#8220;{}&#8220;]<\/p>\n<p><strong>Technische Ausstattung <\/strong><\/p>\n<p>Wir <u>verf\u00fcgen \u00fcber einen technologisch hochentwickelten Maschinenpark<\/u>, darunter CNC-Bearbeitungszentren mit einem maximalen Arbeitsbereich von 2200 mm x 3100 mm sowie 5-Achsen-Bearbeitungsmaschinen mit einem Arbeitsbereich von 1650 mm x 6750 mm, ausgestattet mit automatischer Blechzuf\u00fchrung und automatischem Bauteilentladungssystem. (Bitte erg\u00e4nzen und \u00fcberpr\u00fcfen Sie die Angaben.) <\/p>\n<p><strong>Materialien <\/strong><\/p>\n<p>Materialien, die bei wikiCNC dem <u>Nesting unterzogen<\/u> werden:<\/p>\n<p><strong> <\/strong>Holz<strong>: Sperrholz, Holz<\/strong> <\/p>\n<p><strong> <\/strong>Holz\u00e4hnliche Materialien: <strong>MDF-, LDF- und HDF-Platten<\/strong><\/p>\n<p><strong> <\/strong>Kunststoffe:<u> Verbundplatten:<\/u><strong> DiBOND, TuBOND, HPL, LAB-Harz<\/strong><\/p>\n<p>Sonstiges \u2013 nach detaillierten Vereinbarungen mit den Kunden<\/p>\n<p>[\/et_pb_text][\/et_pb_column][\/et_pb_row][\/et_pb_section]<\/p>\n","protected":false},"excerpt":{"rendered":"<p>wikiCNC Wir bieten L\u00f6sungen f\u00fcr die optimierte Zuschnittplanung von Gro\u00dfformatplatten an, die eine Minimierung des Materialabfalls ber\u00fccksichtigen. Qualit\u00e4t, Pr\u00e4zision in der Ausf\u00fchrung, Termintreue und Flexibilit\u00e4t sind die Werte, auf denen unsere Zusammenarbeit mit unseren Gesch\u00e4ftspartnern basiert. Wir arbeiten mit Unternehmen aus der Automobilbranche, M\u00f6belherstellern sowie aus weiteren Branchen zusammen. In unserer Arbeit verwenden wir Methoden [&hellip;]<\/p>\n","protected":false},"author":1,"featured_media":0,"parent":0,"menu_order":0,"comment_status":"closed","ping_status":"closed","template":"","meta":{"_et_pb_use_builder":"on","_et_pb_old_content":"","_et_gb_content_width":"","footnotes":""},"class_list":["post-6073","page","type-page","status-publish","hentry"],"_links":{"self":[{"href":"https:\/\/wikicnc.pl\/de\/wp-json\/wp\/v2\/pages\/6073","targetHints":{"allow":["GET"]}}],"collection":[{"href":"https:\/\/wikicnc.pl\/de\/wp-json\/wp\/v2\/pages"}],"about":[{"href":"https:\/\/wikicnc.pl\/de\/wp-json\/wp\/v2\/types\/page"}],"author":[{"embeddable":true,"href":"https:\/\/wikicnc.pl\/de\/wp-json\/wp\/v2\/users\/1"}],"replies":[{"embeddable":true,"href":"https:\/\/wikicnc.pl\/de\/wp-json\/wp\/v2\/comments?post=6073"}],"version-history":[{"count":3,"href":"https:\/\/wikicnc.pl\/de\/wp-json\/wp\/v2\/pages\/6073\/revisions"}],"predecessor-version":[{"id":6676,"href":"https:\/\/wikicnc.pl\/de\/wp-json\/wp\/v2\/pages\/6073\/revisions\/6676"}],"wp:attachment":[{"href":"https:\/\/wikicnc.pl\/de\/wp-json\/wp\/v2\/media?parent=6073"}],"curies":[{"name":"wp","href":"https:\/\/api.w.org\/{rel}","templated":true}]}}