{"id":6065,"date":"2024-11-02T20:02:39","date_gmt":"2024-11-02T19:02:39","guid":{"rendered":"https:\/\/wikicnc.pl\/lochmuster\/"},"modified":"2025-08-01T18:16:33","modified_gmt":"2025-08-01T16:16:33","slug":"lochmuster","status":"publish","type":"page","link":"https:\/\/wikicnc.pl\/de\/lochmuster\/","title":{"rendered":"Lochmuster"},"content":{"rendered":"<p>[et_pb_section fb_built=&#8220;1&#8243; module_class=&#8220;pa-blur&#8220; _builder_version=&#8220;4.18.0&#8243; _module_preset=&#8220;default&#8220; background_image=&#8220;https:\/\/wikicnc.pl\/wp-content\/uploads\/2022\/08\/balustrady.jpg&#8220; parallax=&#8220;on&#8220; animation_style=&#8220;slide&#8220; animation_direction=&#8220;top&#8220; animation_duration=&#8220;600ms&#8220; animation_intensity_slide=&#8220;5%&#8220; locked=&#8220;off&#8220; global_colors_info=&#8220;{}&#8220;][et_pb_row _builder_version=&#8220;4.18.0&#8243; _module_preset=&#8220;default&#8220; global_colors_info=&#8220;{}&#8220;][et_pb_column type=&#8220;4_4&#8243; _builder_version=&#8220;4.18.0&#8243; _module_preset=&#8220;default&#8220; global_colors_info=&#8220;{}&#8220;][et_pb_text _builder_version=&#8220;4.18.0&#8243; _dynamic_attributes=&#8220;content&#8220; _module_preset=&#8220;default&#8220; header_font=&#8220;||||||||&#8220; header_text_align=&#8220;center&#8220; header_font_size=&#8220;56px&#8220; custom_padding=&#8220;20px||20px||false|false&#8220; global_colors_info=&#8220;{}&#8220;]@ET-DC@eyJkeW5hbWljIjp0cnVlLCJjb250ZW50IjoicG9zdF90aXRsZSIsInNldHRpbmdzIjp7ImJlZm9yZSI6IjxoMT4iLCJhZnRlciI6IjwvaDE+IiwiZW5hYmxlX2h0bWwiOiJvZmYifX0=@[\/et_pb_text][\/et_pb_column][\/et_pb_row][\/et_pb_section][et_pb_section fb_built=&#8220;1&#8243; _builder_version=&#8220;4.18.0&#8243; _module_preset=&#8220;default&#8220; custom_margin=&#8220;||||false|false&#8220; custom_padding=&#8220;23px||||false|false&#8220; global_colors_info=&#8220;{}&#8220;][et_pb_row _builder_version=&#8220;4.18.0&#8243; _module_preset=&#8220;default&#8220; global_colors_info=&#8220;{}&#8220;][et_pb_column type=&#8220;4_4&#8243; _builder_version=&#8220;4.18.0&#8243; _module_preset=&#8220;default&#8220; global_colors_info=&#8220;{}&#8220;][et_pb_gallery gallery_ids=&#8220;7223,7227,7229,7231,7233,7235,7237,7239,7241,7257,7255,7253,7251,7249,7247,7245,7243&#8243; posts_number=&#8220;100&#8243; orientation=&#8220;portrait&#8220; zoom_icon_color=&#8220;#000000&#8243; hover_overlay_color=&#8220;rgba(255,255,255,0.62)&#8220; hover_icon=&#8220;&#x54;||divi||400&#8243; _builder_version=&#8220;4.27.2&#8243; _module_preset=&#8220;default&#8220; title_level=&#8220;h2&#8243; text_orientation=&#8220;center&#8220; border_radii_image=&#8220;on|7px|7px|7px|7px&#8220; global_colors_info=&#8220;{}&#8220;][\/et_pb_gallery][et_pb_code _builder_version=&#8220;4.18.0&#8243; _module_preset=&#8220;default&#8220; global_colors_info=&#8220;{}&#8220;]<script><!-- [et_pb_line_break_holder] -->(function ($) {<!-- [et_pb_line_break_holder] -->\t$(document).ready(function () {<!-- [et_pb_line_break_holder] -->    $(\".et_pb_gallery_image a\").each(function () {<!-- [et_pb_line_break_holder] -->          var alink = $(this).attr(\"href\").slice(0,-4);<!-- [et_pb_line_break_holder] -->\t\t\t\t$(this).attr(\"href\", alink + \"wiki.jpg\");<!-- [et_pb_line_break_holder] -->\t\t\t});<!-- [et_pb_line_break_holder] -->\t});<!-- [et_pb_line_break_holder] -->})(jQuery);<!-- [et_pb_line_break_holder] --><\/script>[\/et_pb_code][\/et_pb_column][\/et_pb_row][\/et_pb_section][et_pb_section fb_built=&#8220;1&#8243; _builder_version=&#8220;4.18.0&#8243; _module_preset=&#8220;default&#8220; background_color=&#8220;#f4f4f4&#8243; custom_margin=&#8220;0px||||false|false&#8220; global_colors_info=&#8220;{}&#8220;][et_pb_row column_structure=&#8220;2_3,1_3&#8243; _builder_version=&#8220;4.18.0&#8243; _module_preset=&#8220;default&#8220; global_colors_info=&#8220;{}&#8220;][et_pb_column type=&#8220;2_3&#8243; _builder_version=&#8220;4.18.0&#8243; _module_preset=&#8220;default&#8220; animation_style=&#8220;slide&#8220; animation_direction=&#8220;left&#8220; animation_duration=&#8220;600ms&#8220; animation_intensity_slide=&#8220;5%&#8220; global_colors_info=&#8220;{}&#8220;][et_pb_text _builder_version=&#8220;4.18.0&#8243; _module_preset=&#8220;default&#8220; text_font_size=&#8220;18px&#8220; header_3_font_size=&#8220;34px&#8220; global_colors_info=&#8220;{}&#8220;]<\/p>\n<h3>Wir haben eine gr\u00f6\u00dfere Auswahl an <strong>Abdeckungen und Gel\u00e4ndern<\/strong>.<\/h3>\n<p><strong>Wir gehen individuell auf jeden Kunden ein.<\/strong><br \/>Alle Interessierten laden wir herzlich ein, Kontakt aufzunehmen.<\/p>\n<p>[\/et_pb_text][\/et_pb_column][et_pb_column type=&#8220;1_3&#8243; _builder_version=&#8220;4.18.0&#8243; _module_preset=&#8220;default&#8220; animation_style=&#8220;slide&#8220; animation_direction=&#8220;right&#8220; animation_duration=&#8220;600ms&#8220; animation_intensity_slide=&#8220;5%&#8220; global_colors_info=&#8220;{}&#8220;][et_pb_button button_url=&#8220;@ET-DC@eyJkeW5hbWljIjp0cnVlLCJjb250ZW50IjoicG9zdF9saW5rX3VybF9wYWdlIiwic2V0dGluZ3MiOnsicG9zdF9pZCI6IjIwIiwiZW5hYmxlX2h0bWwiOiJvZmYifX0=@&#8220; button_text=&#8220;Weiter zum Kontakt&#8220; button_alignment=&#8220;center&#8220; _builder_version=&#8220;4.18.0&#8243; _dynamic_attributes=&#8220;button_url&#8220; _module_preset=&#8220;default&#8220; custom_button=&#8220;on&#8220; button_text_size=&#8220;22px&#8220; button_text_color=&#8220;#000000&#8243; button_border_width=&#8220;1px&#8220; button_border_radius=&#8220;9px&#8220; button_font=&#8220;|600|||||||&#8220; button_icon=&#8220;&#x35;||divi||400&#8243; custom_margin=&#8220;24px||||false|false&#8220; animation_style=&#8220;slide&#8220; animation_direction=&#8220;right&#8220; animation_duration=&#8220;600ms&#8220; animation_intensity_slide=&#8220;5%&#8220; locked=&#8220;off&#8220; global_colors_info=&#8220;{}&#8220; button_bg_color__hover_enabled=&#8220;on|desktop&#8220; button_bg_color__hover=&#8220;#000000&#8243; button_bg_enable_color__hover=&#8220;on&#8220; button_text_color__hover_enabled=&#8220;on|desktop&#8220; button_text_color__hover=&#8220;#FFFFFF&#8220;][\/et_pb_button][\/et_pb_column][\/et_pb_row][\/et_pb_section]<\/p>\n","protected":false},"excerpt":{"rendered":"<p>Wir haben eine gr\u00f6\u00dfere Auswahl an Abdeckungen und Gel\u00e4ndern. Wir gehen individuell auf jeden Kunden ein.Alle Interessierten laden wir herzlich ein, Kontakt aufzunehmen.<\/p>\n","protected":false},"author":2,"featured_media":0,"parent":0,"menu_order":0,"comment_status":"closed","ping_status":"closed","template":"","meta":{"_et_pb_use_builder":"on","_et_pb_old_content":"","_et_gb_content_width":"","footnotes":""},"class_list":["post-6065","page","type-page","status-publish","hentry"],"_links":{"self":[{"href":"https:\/\/wikicnc.pl\/de\/wp-json\/wp\/v2\/pages\/6065","targetHints":{"allow":["GET"]}}],"collection":[{"href":"https:\/\/wikicnc.pl\/de\/wp-json\/wp\/v2\/pages"}],"about":[{"href":"https:\/\/wikicnc.pl\/de\/wp-json\/wp\/v2\/types\/page"}],"author":[{"embeddable":true,"href":"https:\/\/wikicnc.pl\/de\/wp-json\/wp\/v2\/users\/2"}],"replies":[{"embeddable":true,"href":"https:\/\/wikicnc.pl\/de\/wp-json\/wp\/v2\/comments?post=6065"}],"version-history":[{"count":5,"href":"https:\/\/wikicnc.pl\/de\/wp-json\/wp\/v2\/pages\/6065\/revisions"}],"predecessor-version":[{"id":7424,"href":"https:\/\/wikicnc.pl\/de\/wp-json\/wp\/v2\/pages\/6065\/revisions\/7424"}],"wp:attachment":[{"href":"https:\/\/wikicnc.pl\/de\/wp-json\/wp\/v2\/media?parent=6065"}],"curies":[{"name":"wp","href":"https:\/\/api.w.org\/{rel}","templated":true}]}}